{"id":65261,"date":"2022-10-26T23:45:44","date_gmt":"2022-10-26T20:53:39","guid":{"rendered":"https:\/\/kingarms.ee\/product\/kiinnike-rmr-red-dot-laitteelle-vector-optics\/"},"modified":"2024-08-08T11:51:08","modified_gmt":"2024-08-08T08:51:08","slug":"mount-for-rmr-red-dot-vector-optics-2","status":"publish","type":"product","link":"https:\/\/kingarms.ee\/fi\/product\/mount-for-rmr-red-dot-vector-optics-2\/","title":{"rendered":"Kiinnike RMR Red Dot -laitteelle  [VECTOR OPTICS]"},"content":{"rendered":"","protected":false},"excerpt":{"rendered":"<p>VECTOR OPTICS<\/p>\n<p>Offset-kokoonpano RMR-punapistet\u00e4ht\u00e4imen alla, suunniteltu AR-alustalle. Valmistajalta Vekt Defense. Se toimii tukikohtana aput\u00e4ht\u00e4imille, joiden optisia v\u00e4lineit\u00e4 k\u00e4ytet\u00e4\u00e4n p\u00e4\u00e4asiallisina. Valmistettu anodisoidusta alumiinista 6063-T6, CNC-jyrsitty. T\u00e4m\u00e4n ansiosta se on vankka ja samalla yksinkertainen ja kevyt kokoonpano.<\/p>\n","protected":false},"featured_media":65215,"template":"","meta":{"_acf_changed":false},"product_brand":[],"product_cat":[737],"product_tag":[],"class_list":{"0":"post-65261","1":"product","2":"type-product","3":"status-publish","4":"has-post-thumbnail","6":"product_cat-lupaukset-fi","8":"first","9":"instock","10":"purchasable","11":"product-type-simple"},"acf":[],"_links":{"self":[{"href":"https:\/\/kingarms.ee\/fi\/wp-json\/wp\/v2\/product\/65261","targetHints":{"allow":["GET"]}}],"collection":[{"href":"https:\/\/kingarms.ee\/fi\/wp-json\/wp\/v2\/product"}],"about":[{"href":"https:\/\/kingarms.ee\/fi\/wp-json\/wp\/v2\/types\/product"}],"wp:featuredmedia":[{"embeddable":true,"href":"https:\/\/kingarms.ee\/fi\/wp-json\/wp\/v2\/media\/65215"}],"wp:attachment":[{"href":"https:\/\/kingarms.ee\/fi\/wp-json\/wp\/v2\/media?parent=65261"}],"wp:term":[{"taxonomy":"product_brand","embeddable":true,"href":"https:\/\/kingarms.ee\/fi\/wp-json\/wp\/v2\/product_brand?post=65261"},{"taxonomy":"product_cat","embeddable":true,"href":"https:\/\/kingarms.ee\/fi\/wp-json\/wp\/v2\/product_cat?post=65261"},{"taxonomy":"product_tag","embeddable":true,"href":"https:\/\/kingarms.ee\/fi\/wp-json\/wp\/v2\/product_tag?post=65261"}],"curies":[{"name":"wp","href":"https:\/\/api.w.org\/{rel}","templated":true}]}}