{"id":65271,"date":"2022-10-26T23:45:44","date_gmt":"2022-10-26T20:53:42","guid":{"rendered":"https:\/\/kingarms.ee\/product\/punapistetahtaimen-nousukiidon-kiinnitys-vector-optics\/"},"modified":"2024-08-08T11:53:21","modified_gmt":"2024-08-08T08:53:21","slug":"red-dot-sight-riser-mount-vector-optics-2","status":"publish","type":"product","link":"https:\/\/kingarms.ee\/fi\/product\/red-dot-sight-riser-mount-vector-optics-2\/","title":{"rendered":"Punapistet\u00e4ht\u00e4imen nousukiidon kiinnitys  [VECTOR OPTICS]"},"content":{"rendered":"","protected":false},"excerpt":{"rendered":"<p>Punapistet\u00e4ht\u00e4imen nousukiidon kiinnitys<\/p>\n<p>Vector Opticsin 28 mm korkea kiinnitys. Valmistettu 6061-alumiiniseoksesta ja kest\u00e4v\u00e4st\u00e4 mattamustasta viimeistelyst\u00e4. Omistettu Picatinny-kiskolle.<\/p>\n","protected":false},"featured_media":65199,"template":"","meta":{"_acf_changed":false},"product_brand":[],"product_cat":[737],"product_tag":[],"class_list":{"0":"post-65271","1":"product","2":"type-product","3":"status-publish","4":"has-post-thumbnail","6":"product_cat-lupaukset-fi","8":"first","9":"instock","10":"purchasable","11":"product-type-simple"},"acf":[],"_links":{"self":[{"href":"https:\/\/kingarms.ee\/fi\/wp-json\/wp\/v2\/product\/65271","targetHints":{"allow":["GET"]}}],"collection":[{"href":"https:\/\/kingarms.ee\/fi\/wp-json\/wp\/v2\/product"}],"about":[{"href":"https:\/\/kingarms.ee\/fi\/wp-json\/wp\/v2\/types\/product"}],"wp:featuredmedia":[{"embeddable":true,"href":"https:\/\/kingarms.ee\/fi\/wp-json\/wp\/v2\/media\/65199"}],"wp:attachment":[{"href":"https:\/\/kingarms.ee\/fi\/wp-json\/wp\/v2\/media?parent=65271"}],"wp:term":[{"taxonomy":"product_brand","embeddable":true,"href":"https:\/\/kingarms.ee\/fi\/wp-json\/wp\/v2\/product_brand?post=65271"},{"taxonomy":"product_cat","embeddable":true,"href":"https:\/\/kingarms.ee\/fi\/wp-json\/wp\/v2\/product_cat?post=65271"},{"taxonomy":"product_tag","embeddable":true,"href":"https:\/\/kingarms.ee\/fi\/wp-json\/wp\/v2\/product_tag?post=65271"}],"curies":[{"name":"wp","href":"https:\/\/api.w.org\/{rel}","templated":true}]}}