{"id":65272,"date":"2022-10-26T23:45:44","date_gmt":"2022-10-26T20:53:42","guid":{"rendered":"https:\/\/kingarms.ee\/product\/05-tuuman-picatinny-riser-mount-kiinnike-vector-optics\/"},"modified":"2024-08-08T11:54:05","modified_gmt":"2024-08-08T08:54:05","slug":"0-5-tuumainen-picatinny-riser-mount-vector-optiikka-kiinnitysjarjestelma","status":"publish","type":"product","link":"https:\/\/kingarms.ee\/fi\/product\/0-5-tuumainen-picatinny-riser-mount-vector-optiikka-kiinnitysjarjestelma\/","title":{"rendered":"0,5 tuuman Picatinny Riser Mount -kiinnike  [VECTOR OPTICS]"},"content":{"rendered":"","protected":false},"excerpt":{"rendered":"<p>0,5 tuuman Picatinny Riser Mount -kiinnike<\/p>\n<p>3 aukkoa Picatinny-kisko, l\u00e4pin\u00e4kyv\u00e4, 0,5 tuuman profiili, 40mm 1,6&#8243; pituus<\/p>\n","protected":false},"featured_media":65207,"template":"","meta":{"_acf_changed":false},"product_brand":[],"product_cat":[737],"product_tag":[],"class_list":{"0":"post-65272","1":"product","2":"type-product","3":"status-publish","4":"has-post-thumbnail","6":"product_cat-lupaukset-fi","8":"first","9":"instock","10":"purchasable","11":"product-type-simple"},"acf":[],"_links":{"self":[{"href":"https:\/\/kingarms.ee\/fi\/wp-json\/wp\/v2\/product\/65272","targetHints":{"allow":["GET"]}}],"collection":[{"href":"https:\/\/kingarms.ee\/fi\/wp-json\/wp\/v2\/product"}],"about":[{"href":"https:\/\/kingarms.ee\/fi\/wp-json\/wp\/v2\/types\/product"}],"wp:featuredmedia":[{"embeddable":true,"href":"https:\/\/kingarms.ee\/fi\/wp-json\/wp\/v2\/media\/65207"}],"wp:attachment":[{"href":"https:\/\/kingarms.ee\/fi\/wp-json\/wp\/v2\/media?parent=65272"}],"wp:term":[{"taxonomy":"product_brand","embeddable":true,"href":"https:\/\/kingarms.ee\/fi\/wp-json\/wp\/v2\/product_brand?post=65272"},{"taxonomy":"product_cat","embeddable":true,"href":"https:\/\/kingarms.ee\/fi\/wp-json\/wp\/v2\/product_cat?post=65272"},{"taxonomy":"product_tag","embeddable":true,"href":"https:\/\/kingarms.ee\/fi\/wp-json\/wp\/v2\/product_tag?post=65272"}],"curies":[{"name":"wp","href":"https:\/\/api.w.org\/{rel}","templated":true}]}}