{"id":65334,"date":"2022-10-27T14:53:23","date_gmt":"2022-10-27T11:54:19","guid":{"rendered":"https:\/\/kingarms.ee\/product\/dieselgeneraattori-6000w-konner-sohnen\/"},"modified":"2024-08-08T11:49:01","modified_gmt":"2024-08-08T08:49:01","slug":"diesel-generaattori-6000w-konner-sohnen","status":"publish","type":"product","link":"https:\/\/kingarms.ee\/fi\/product\/diesel-generaattori-6000w-konner-sohnen\/","title":{"rendered":"Dieselgeneraattori 6000W (Konner &amp; Sohnen)"},"content":{"rendered":"<p><img loading=\"lazy\" decoding=\"async\" class=\"alignnone size-medium wp-image-65319\" src=\"https:\/\/kingarms.ee\/wp-content\/uploads\/2022\/10\/promotion-arrivage-konner-sohnen-stromerzeuger-6500w-diesel-230v-ks8100hde-1-300x300.jpeg\" alt=\"\" width=\"300\" height=\"300\" srcset=\"https:\/\/kingarms.ee\/wp-content\/uploads\/2022\/10\/promotion-arrivage-konner-sohnen-stromerzeuger-6500w-diesel-230v-ks8100hde-1-300x300.jpeg 300w, https:\/\/kingarms.ee\/wp-content\/uploads\/2022\/10\/promotion-arrivage-konner-sohnen-stromerzeuger-6500w-diesel-230v-ks8100hde-1-150x150.jpeg 150w, https:\/\/kingarms.ee\/wp-content\/uploads\/2022\/10\/promotion-arrivage-konner-sohnen-stromerzeuger-6500w-diesel-230v-ks8100hde-1-768x768.jpeg 768w, https:\/\/kingarms.ee\/wp-content\/uploads\/2022\/10\/promotion-arrivage-konner-sohnen-stromerzeuger-6500w-diesel-230v-ks8100hde-1-500x500.jpeg 500w, https:\/\/kingarms.ee\/wp-content\/uploads\/2022\/10\/promotion-arrivage-konner-sohnen-stromerzeuger-6500w-diesel-230v-ks8100hde-1.jpeg 1000w\" sizes=\"auto, (max-width: 300px) 100vw, 300px\" \/><\/p>\n","protected":false},"excerpt":{"rendered":"<div>Tuote: dieselgeneraattori<\/div>\n<div>Virtal\u00e4hde: diesel<\/div>\n<div>Sylinterin tilavuus, cm\u00b3: 456<\/div>\n<div>Paino: 117kg<\/div>\n<div>Polttoaines\u00e4ili\u00f6n tilavuus, l: 11<\/div>\n<div>\u00d6ljys\u00e4ili\u00f6n tilavuus, l: 1.65<\/div>\n<div>\u00c4\u00e4nenpainetaso, dB (A): 71<\/div>\n<div>\u00c4\u00e4nitehotaso, dB (A): 96<\/div>\n<div>J\u00e4nnite, V 220 &#8211; 240<\/div>\n<div>Akun kapasiteetti, ah 30.0<\/div>\n<div>Suojausluokka I s\u00e4hk\u00f6eristysluokka; IP23M<\/div>\n<div>Moottorin tyyppi Diesel 1-sylinterinen 4-sylinterinen ilmaj\u00e4\u00e4hdytteinen moottori.<\/div>\n<div>Mitat (G\\ \/ P\\ \/ A), cm 73 x 49,5 x 63<\/div>\n<div>Moottorin teho, hv: 14<\/div>\n<div>Ylikuormitussuojaus: kyll\u00e4<\/div>\n<div>Toiminta-aika, h: 6,9 (50 %:n teholla)<\/div>\n<div>Suurin l\u00e4ht\u00f6teho, W: 6500<\/div>\n<div>K\u00e4ynnistin: s\u00e4hk\u00f6inen<\/div>\n<div>Kahvalla :Kyll\u00e4<\/div>\n<div>Pistorasioiden m\u00e4\u00e4r\u00e4: 2<\/div>\n<div>Py\u00f6rill\u00e4: ei<\/div>\n<div>Current, A.: 16; 32<\/div>\n<div>P\u00e4\u00e4st\u00f6standardi EURO 5<\/div>\n<div>Nimellisteho, 6000W<\/div>\n<div>Moottorin malli KS 480HD-V<\/div>\n","protected":false},"featured_media":65321,"template":"","meta":{"_acf_changed":false},"product_brand":[],"product_cat":[539],"product_tag":[],"class_list":{"0":"post-65334","1":"product","2":"type-product","3":"status-publish","4":"has-post-thumbnail","6":"product_cat-power-bank-fi","8":"first","9":"onbackorder","10":"taxable","11":"shipping-taxable","12":"product-type-simple"},"acf":[],"_links":{"self":[{"href":"https:\/\/kingarms.ee\/fi\/wp-json\/wp\/v2\/product\/65334","targetHints":{"allow":["GET"]}}],"collection":[{"href":"https:\/\/kingarms.ee\/fi\/wp-json\/wp\/v2\/product"}],"about":[{"href":"https:\/\/kingarms.ee\/fi\/wp-json\/wp\/v2\/types\/product"}],"wp:featuredmedia":[{"embeddable":true,"href":"https:\/\/kingarms.ee\/fi\/wp-json\/wp\/v2\/media\/65321"}],"wp:attachment":[{"href":"https:\/\/kingarms.ee\/fi\/wp-json\/wp\/v2\/media?parent=65334"}],"wp:term":[{"taxonomy":"product_brand","embeddable":true,"href":"https:\/\/kingarms.ee\/fi\/wp-json\/wp\/v2\/product_brand?post=65334"},{"taxonomy":"product_cat","embeddable":true,"href":"https:\/\/kingarms.ee\/fi\/wp-json\/wp\/v2\/product_cat?post=65334"},{"taxonomy":"product_tag","embeddable":true,"href":"https:\/\/kingarms.ee\/fi\/wp-json\/wp\/v2\/product_tag?post=65334"}],"curies":[{"name":"wp","href":"https:\/\/api.w.org\/{rel}","templated":true}]}}