{"id":65613,"date":"2022-10-31T15:13:51","date_gmt":"2022-10-31T12:39:56","guid":{"rendered":"https:\/\/kingarms.ee\/product\/veitsi-eldris-morakniv\/"},"modified":"2024-08-08T11:35:39","modified_gmt":"2024-08-08T08:35:39","slug":"knife-eldris-morakniv-2","status":"publish","type":"product","link":"https:\/\/kingarms.ee\/fi\/product\/knife-eldris-morakniv-2\/","title":{"rendered":"Veitsi Eldris  [Morakniv]"},"content":{"rendered":"","protected":false},"excerpt":{"rendered":"<p>Veitsi, jossa on kiinte\u00e4 ter\u00e4<br \/>\nK\u00e4ytet\u00e4\u00e4n ruostumatonta ter\u00e4st\u00e4<br \/>\nTer\u00e4n koko on 58 mm<br \/>\nVeitsen kokonaispituus on 143 mm<br \/>\nTer\u00e4 on tasaisesti teroitettu<br \/>\nVeitsen paino on 80 grammaa<\/p>\n","protected":false},"featured_media":65599,"template":"","meta":{"_acf_changed":false},"product_brand":[],"product_cat":[661],"product_tag":[],"class_list":{"0":"post-65613","1":"product","2":"type-product","3":"status-publish","4":"has-post-thumbnail","6":"product_cat-matkanoad-fi","8":"first","9":"instock","10":"sale","11":"purchasable","12":"product-type-simple"},"acf":[],"_links":{"self":[{"href":"https:\/\/kingarms.ee\/fi\/wp-json\/wp\/v2\/product\/65613","targetHints":{"allow":["GET"]}}],"collection":[{"href":"https:\/\/kingarms.ee\/fi\/wp-json\/wp\/v2\/product"}],"about":[{"href":"https:\/\/kingarms.ee\/fi\/wp-json\/wp\/v2\/types\/product"}],"wp:featuredmedia":[{"embeddable":true,"href":"https:\/\/kingarms.ee\/fi\/wp-json\/wp\/v2\/media\/65599"}],"wp:attachment":[{"href":"https:\/\/kingarms.ee\/fi\/wp-json\/wp\/v2\/media?parent=65613"}],"wp:term":[{"taxonomy":"product_brand","embeddable":true,"href":"https:\/\/kingarms.ee\/fi\/wp-json\/wp\/v2\/product_brand?post=65613"},{"taxonomy":"product_cat","embeddable":true,"href":"https:\/\/kingarms.ee\/fi\/wp-json\/wp\/v2\/product_cat?post=65613"},{"taxonomy":"product_tag","embeddable":true,"href":"https:\/\/kingarms.ee\/fi\/wp-json\/wp\/v2\/product_tag?post=65613"}],"curies":[{"name":"wp","href":"https:\/\/api.w.org\/{rel}","templated":true}]}}