{"id":65617,"date":"2022-10-31T15:13:51","date_gmt":"2022-10-31T12:39:57","guid":{"rendered":"https:\/\/kingarms.ee\/product\/eldris-kaulaveitsi-musta-morakniv\/"},"modified":"2024-08-08T11:36:22","modified_gmt":"2024-08-08T08:36:22","slug":"eldris-kaulaveitsi-musta-morakniv","status":"publish","type":"product","link":"https:\/\/kingarms.ee\/fi\/product\/eldris-kaulaveitsi-musta-morakniv\/","title":{"rendered":"Eldris kaulaveitsi musta  [Morakniv]"},"content":{"rendered":"","protected":false},"excerpt":{"rendered":"<p>Ter\u00e4n materiaali: Ter\u00e4: Ruostumaton ter\u00e4s<br \/>\nKahvan materiaali: TPE-kumi<br \/>\nTer\u00e4n pituus: 59 mm<br \/>\nTer\u00e4n paksuus: 2 mm<br \/>\nVeitsen pituus: 145 mm<br \/>\nNettopaino: 119 g<\/p>\n","protected":false},"featured_media":65486,"template":"","meta":{"_acf_changed":false},"product_brand":[],"product_cat":[661],"product_tag":[],"class_list":{"0":"post-65617","1":"product","2":"type-product","3":"status-publish","4":"has-post-thumbnail","6":"product_cat-matkanoad-fi","8":"first","9":"instock","10":"purchasable","11":"product-type-simple"},"acf":[],"_links":{"self":[{"href":"https:\/\/kingarms.ee\/fi\/wp-json\/wp\/v2\/product\/65617","targetHints":{"allow":["GET"]}}],"collection":[{"href":"https:\/\/kingarms.ee\/fi\/wp-json\/wp\/v2\/product"}],"about":[{"href":"https:\/\/kingarms.ee\/fi\/wp-json\/wp\/v2\/types\/product"}],"wp:featuredmedia":[{"embeddable":true,"href":"https:\/\/kingarms.ee\/fi\/wp-json\/wp\/v2\/media\/65486"}],"wp:attachment":[{"href":"https:\/\/kingarms.ee\/fi\/wp-json\/wp\/v2\/media?parent=65617"}],"wp:term":[{"taxonomy":"product_brand","embeddable":true,"href":"https:\/\/kingarms.ee\/fi\/wp-json\/wp\/v2\/product_brand?post=65617"},{"taxonomy":"product_cat","embeddable":true,"href":"https:\/\/kingarms.ee\/fi\/wp-json\/wp\/v2\/product_cat?post=65617"},{"taxonomy":"product_tag","embeddable":true,"href":"https:\/\/kingarms.ee\/fi\/wp-json\/wp\/v2\/product_tag?post=65617"}],"curies":[{"name":"wp","href":"https:\/\/api.w.org\/{rel}","templated":true}]}}