{"id":65619,"date":"2022-10-31T15:13:51","date_gmt":"2022-10-31T12:39:58","guid":{"rendered":"https:\/\/kingarms.ee\/product\/garberg-s-moni-monitoimisella-tupella-morakniv\/"},"modified":"2024-08-08T11:37:05","modified_gmt":"2024-08-08T08:37:05","slug":"garberg-s-monitukikuorinen-morakniv","status":"publish","type":"product","link":"https:\/\/kingarms.ee\/fi\/product\/garberg-s-monitukikuorinen-morakniv\/","title":{"rendered":"Garberg S moni-monitoimisella tupella  [Morakniv]"},"content":{"rendered":"","protected":false},"excerpt":{"rendered":"<p>Ter\u00e4n paksuus: ter\u00e4n paksuus: 3,2 mm<br \/>\nKahvan materiaali: Polyamidi (PA)<br \/>\nTer\u00e4n pituus: 109 mm<br \/>\nJoustoluokka: J\u00e4ykk\u00e4<br \/>\nVeitsen pituus, 229 mm<br \/>\nTer\u00e4n materiaali: Ter\u00e4: Ruostumaton ter\u00e4s<\/p>\n","protected":false},"featured_media":65474,"template":"","meta":{"_acf_changed":false},"product_brand":[],"product_cat":[661],"product_tag":[],"class_list":{"0":"post-65619","1":"product","2":"type-product","3":"status-publish","4":"has-post-thumbnail","6":"product_cat-matkanoad-fi","8":"first","9":"instock","10":"purchasable","11":"product-type-simple"},"acf":[],"_links":{"self":[{"href":"https:\/\/kingarms.ee\/fi\/wp-json\/wp\/v2\/product\/65619","targetHints":{"allow":["GET"]}}],"collection":[{"href":"https:\/\/kingarms.ee\/fi\/wp-json\/wp\/v2\/product"}],"about":[{"href":"https:\/\/kingarms.ee\/fi\/wp-json\/wp\/v2\/types\/product"}],"wp:featuredmedia":[{"embeddable":true,"href":"https:\/\/kingarms.ee\/fi\/wp-json\/wp\/v2\/media\/65474"}],"wp:attachment":[{"href":"https:\/\/kingarms.ee\/fi\/wp-json\/wp\/v2\/media?parent=65619"}],"wp:term":[{"taxonomy":"product_brand","embeddable":true,"href":"https:\/\/kingarms.ee\/fi\/wp-json\/wp\/v2\/product_brand?post=65619"},{"taxonomy":"product_cat","embeddable":true,"href":"https:\/\/kingarms.ee\/fi\/wp-json\/wp\/v2\/product_cat?post=65619"},{"taxonomy":"product_tag","embeddable":true,"href":"https:\/\/kingarms.ee\/fi\/wp-json\/wp\/v2\/product_tag?post=65619"}],"curies":[{"name":"wp","href":"https:\/\/api.w.org\/{rel}","templated":true}]}}