{"id":65623,"date":"2022-10-31T15:13:51","date_gmt":"2022-10-31T12:39:59","guid":{"rendered":"https:\/\/kingarms.ee\/product\/bw-taistelureppu-65-l\/"},"modified":"2024-08-08T11:37:45","modified_gmt":"2024-08-08T08:37:45","slug":"bw-combat-reppu-65-l","status":"publish","type":"product","link":"https:\/\/kingarms.ee\/fi\/product\/bw-combat-reppu-65-l\/","title":{"rendered":"BW Taistelureppu, 65 l"},"content":{"rendered":"","protected":false},"excerpt":{"rendered":"<p>s\u00e4\u00e4dett\u00e4v\u00e4t, pehmustetut olkahihnat<br \/>\ns\u00e4\u00e4dett\u00e4v\u00e4 vy\u00f6t\u00e4r\u00f6hihna napsautussulkimella<br \/>\n1 kantokahva ylh\u00e4\u00e4ll\u00e4<br \/>\nsilmukkapaneeli n. 15 x 2,5 cm takapuolella ylh\u00e4\u00e4ll\u00e4<br \/>\nkansi, jossa 1 kiinnitetty l\u00e4p\u00e4llinen tasku ja<br \/>\nhihnasuljenta sek\u00e4 1 liukutasku edess\u00e4<br \/>\nkoukku- ja lenkkikiinnityksell\u00e4 ja 1 suuri vetoketjutasku<br \/>\ntakana<br \/>\np\u00e4\u00e4lokero, jossa on erotettava<br \/>\npohjalokero (kiristysnauha)<br \/>\nulkopuolinen vetoketju pohjalokeroon p\u00e4\u00e4sy\u00e4 varten<br \/>\nkaksinkertainen kiristysnauha p\u00e4\u00e4lokeron yl\u00e4osassa<br \/>\nlitte\u00e4 sis\u00e4puolinen liukulokero esim.<br \/>\nmakuualusta<br \/>\nalumiininen vakaustanko yl\u00e4osan sis\u00e4puolella<br \/>\n2 sivutaskua, joissa l\u00e4pp\u00e4 ja hihnasuljenta<br \/>\npieni tasku, jossa on koukku ja silmukka<br \/>\nalempi etupuoli<br \/>\nerilaisia kiinnityshihnoja, 4 etukappaleen napsautussulkimet<br \/>\nKapasiteetti: n. 65 l<br \/>\nMitat: n. 43 x 63 x 21 cm (L x K x S)<br \/>\nPaino: n. 1,3 kg<br \/>\nMateriaali: Materiaali: 100 % polyesteri<\/p>\n","protected":false},"featured_media":65550,"template":"","meta":{"_acf_changed":false},"product_brand":[],"product_cat":[895,264],"product_tag":[],"class_list":{"0":"post-65623","1":"product","2":"type-product","3":"status-publish","4":"has-post-thumbnail","6":"product_cat-reput","7":"product_cat-taskut-laukut-vyot","9":"first","10":"instock","11":"purchasable","12":"product-type-simple"},"acf":[],"_links":{"self":[{"href":"https:\/\/kingarms.ee\/fi\/wp-json\/wp\/v2\/product\/65623","targetHints":{"allow":["GET"]}}],"collection":[{"href":"https:\/\/kingarms.ee\/fi\/wp-json\/wp\/v2\/product"}],"about":[{"href":"https:\/\/kingarms.ee\/fi\/wp-json\/wp\/v2\/types\/product"}],"wp:featuredmedia":[{"embeddable":true,"href":"https:\/\/kingarms.ee\/fi\/wp-json\/wp\/v2\/media\/65550"}],"wp:attachment":[{"href":"https:\/\/kingarms.ee\/fi\/wp-json\/wp\/v2\/media?parent=65623"}],"wp:term":[{"taxonomy":"product_brand","embeddable":true,"href":"https:\/\/kingarms.ee\/fi\/wp-json\/wp\/v2\/product_brand?post=65623"},{"taxonomy":"product_cat","embeddable":true,"href":"https:\/\/kingarms.ee\/fi\/wp-json\/wp\/v2\/product_cat?post=65623"},{"taxonomy":"product_tag","embeddable":true,"href":"https:\/\/kingarms.ee\/fi\/wp-json\/wp\/v2\/product_tag?post=65623"}],"curies":[{"name":"wp","href":"https:\/\/api.w.org\/{rel}","templated":true}]}}