{"id":65631,"date":"2022-10-31T15:13:51","date_gmt":"2022-10-31T12:13:51","guid":{"rendered":"https:\/\/kingarms.ee\/product\/leirintapoyta-kokoontaitettava\/"},"modified":"2024-08-08T11:40:05","modified_gmt":"2024-08-08T08:40:05","slug":"retkeilypoyta-taitettava","status":"publish","type":"product","link":"https:\/\/kingarms.ee\/fi\/product\/retkeilypoyta-taitettava\/","title":{"rendered":"Leirint\u00e4p\u00f6yt\u00e4, kokoontaitettava"},"content":{"rendered":"","protected":false},"excerpt":{"rendered":"<p>nopea kokoonpano pisto- ja saranaliitosten ansiosta<br \/>\n2 p\u00f6yd\u00e4n korkeus n. 25 \/ 55 cm<br \/>\np\u00e4\u00e4llystetty MDF-p\u00f6yt\u00e4levy<br \/>\nPakkauskoko: n. 45 x 31 x 7 cm (L x S x K)<br \/>\nMitat: n. 60 x 45 x 25 \/ 55 (L x S x K)<br \/>\nPaino: n. 2,25 kg<\/p>\n","protected":false},"featured_media":65534,"template":"","meta":{"_acf_changed":false},"product_brand":[],"product_cat":[352],"product_tag":[],"class_list":{"0":"post-65631","1":"product","2":"type-product","3":"status-publish","4":"has-post-thumbnail","6":"product_cat-matkatavarat","8":"first","9":"instock","10":"sale","11":"purchasable","12":"product-type-simple"},"acf":[],"_links":{"self":[{"href":"https:\/\/kingarms.ee\/fi\/wp-json\/wp\/v2\/product\/65631","targetHints":{"allow":["GET"]}}],"collection":[{"href":"https:\/\/kingarms.ee\/fi\/wp-json\/wp\/v2\/product"}],"about":[{"href":"https:\/\/kingarms.ee\/fi\/wp-json\/wp\/v2\/types\/product"}],"wp:featuredmedia":[{"embeddable":true,"href":"https:\/\/kingarms.ee\/fi\/wp-json\/wp\/v2\/media\/65534"}],"wp:attachment":[{"href":"https:\/\/kingarms.ee\/fi\/wp-json\/wp\/v2\/media?parent=65631"}],"wp:term":[{"taxonomy":"product_brand","embeddable":true,"href":"https:\/\/kingarms.ee\/fi\/wp-json\/wp\/v2\/product_brand?post=65631"},{"taxonomy":"product_cat","embeddable":true,"href":"https:\/\/kingarms.ee\/fi\/wp-json\/wp\/v2\/product_cat?post=65631"},{"taxonomy":"product_tag","embeddable":true,"href":"https:\/\/kingarms.ee\/fi\/wp-json\/wp\/v2\/product_tag?post=65631"}],"curies":[{"name":"wp","href":"https:\/\/api.w.org\/{rel}","templated":true}]}}