{"id":65644,"date":"2022-10-31T15:13:51","date_gmt":"2022-10-31T12:40:04","guid":{"rendered":"https:\/\/kingarms.ee\/product\/selviytymisveitsi-morakniv\/"},"modified":"2024-08-08T11:43:08","modified_gmt":"2024-08-08T08:43:08","slug":"survival-knife-morakniv-2","status":"publish","type":"product","link":"https:\/\/kingarms.ee\/fi\/product\/survival-knife-morakniv-2\/","title":{"rendered":"Selviytymisveitsi  [Morakniv]"},"content":{"rendered":"","protected":false},"excerpt":{"rendered":"<p>Ter\u00e4n materiaali: Ter\u00e4: hiiliter\u00e4s<br \/>\nKahvan materiaali: TPE-kumi<br \/>\nTer\u00e4n pituus: 109 mm<br \/>\nTer\u00e4n paksuus: ter\u00e4n paksuus: 3,2 mm<br \/>\nVeitsen pituus: 232 mm<br \/>\nNettopaino: 228,5 g<\/p>\n","protected":false},"featured_media":65462,"template":"","meta":{"_acf_changed":false},"product_brand":[],"product_cat":[661],"product_tag":[],"class_list":{"0":"post-65644","1":"product","2":"type-product","3":"status-publish","4":"has-post-thumbnail","6":"product_cat-matkanoad-fi","8":"first","9":"instock","10":"purchasable","11":"product-type-simple"},"acf":[],"_links":{"self":[{"href":"https:\/\/kingarms.ee\/fi\/wp-json\/wp\/v2\/product\/65644","targetHints":{"allow":["GET"]}}],"collection":[{"href":"https:\/\/kingarms.ee\/fi\/wp-json\/wp\/v2\/product"}],"about":[{"href":"https:\/\/kingarms.ee\/fi\/wp-json\/wp\/v2\/types\/product"}],"wp:featuredmedia":[{"embeddable":true,"href":"https:\/\/kingarms.ee\/fi\/wp-json\/wp\/v2\/media\/65462"}],"wp:attachment":[{"href":"https:\/\/kingarms.ee\/fi\/wp-json\/wp\/v2\/media?parent=65644"}],"wp:term":[{"taxonomy":"product_brand","embeddable":true,"href":"https:\/\/kingarms.ee\/fi\/wp-json\/wp\/v2\/product_brand?post=65644"},{"taxonomy":"product_cat","embeddable":true,"href":"https:\/\/kingarms.ee\/fi\/wp-json\/wp\/v2\/product_cat?post=65644"},{"taxonomy":"product_tag","embeddable":true,"href":"https:\/\/kingarms.ee\/fi\/wp-json\/wp\/v2\/product_tag?post=65644"}],"curies":[{"name":"wp","href":"https:\/\/api.w.org\/{rel}","templated":true}]}}