{"id":65645,"date":"2022-10-31T15:13:51","date_gmt":"2022-10-31T12:13:51","guid":{"rendered":"https:\/\/kingarms.ee\/product\/veitsi-ruostumaton-teras-morakniv\/"},"modified":"2024-08-08T11:43:47","modified_gmt":"2024-08-08T08:43:47","slug":"veitsi-ruostumaton-teras-morakniv","status":"publish","type":"product","link":"https:\/\/kingarms.ee\/fi\/product\/veitsi-ruostumaton-teras-morakniv\/","title":{"rendered":"Veitsi, Ruostumaton ter\u00e4s  [Morakniv]"},"content":{"rendered":"","protected":false},"excerpt":{"rendered":"<p>Ter\u00e4n paksuus, 2.5mm<br \/>\nTer\u00e4n muoto: Suora<br \/>\nKahvan materiaali: TPE-kumi<br \/>\nTer\u00e4n pituus, 104 mm<br \/>\nJoustoluokka: J\u00e4ykk\u00e4<br \/>\nVeitsen pituus, 219 mm<br \/>\nTer\u00e4n materiaali: Ter\u00e4: Ruostumaton ter\u00e4s<\/p>\n","protected":false},"featured_media":65510,"template":"","meta":{"_acf_changed":false},"product_brand":[],"product_cat":[661,662],"product_tag":[],"class_list":{"0":"post-65645","1":"product","2":"type-product","3":"status-publish","4":"has-post-thumbnail","6":"product_cat-matkanoad-fi","7":"product_cat-noad-fi","9":"first","10":"outofstock","11":"purchasable","12":"product-type-simple"},"acf":[],"_links":{"self":[{"href":"https:\/\/kingarms.ee\/fi\/wp-json\/wp\/v2\/product\/65645","targetHints":{"allow":["GET"]}}],"collection":[{"href":"https:\/\/kingarms.ee\/fi\/wp-json\/wp\/v2\/product"}],"about":[{"href":"https:\/\/kingarms.ee\/fi\/wp-json\/wp\/v2\/types\/product"}],"wp:featuredmedia":[{"embeddable":true,"href":"https:\/\/kingarms.ee\/fi\/wp-json\/wp\/v2\/media\/65510"}],"wp:attachment":[{"href":"https:\/\/kingarms.ee\/fi\/wp-json\/wp\/v2\/media?parent=65645"}],"wp:term":[{"taxonomy":"product_brand","embeddable":true,"href":"https:\/\/kingarms.ee\/fi\/wp-json\/wp\/v2\/product_brand?post=65645"},{"taxonomy":"product_cat","embeddable":true,"href":"https:\/\/kingarms.ee\/fi\/wp-json\/wp\/v2\/product_cat?post=65645"},{"taxonomy":"product_tag","embeddable":true,"href":"https:\/\/kingarms.ee\/fi\/wp-json\/wp\/v2\/product_tag?post=65645"}],"curies":[{"name":"wp","href":"https:\/\/api.w.org\/{rel}","templated":true}]}}