{"id":66231,"date":"2022-11-07T14:08:07","date_gmt":"2022-11-07T11:32:37","guid":{"rendered":"https:\/\/kingarms.ee\/product\/x3-shooting-performance-koulutusjarjestelma-mantis\/"},"modified":"2024-08-08T11:21:27","modified_gmt":"2024-08-08T08:21:27","slug":"mantis-x3-ammunnan-suorituskyvyn-koulutusjarjestelma","status":"publish","type":"product","link":"https:\/\/kingarms.ee\/fi\/product\/mantis-x3-ammunnan-suorituskyvyn-koulutusjarjestelma\/","title":{"rendered":"X3 Shooting Performance -koulutusj\u00e4rjestelm\u00e4  [Mantis]"},"content":{"rendered":"","protected":false},"excerpt":{"rendered":"<p>Manix X3:n t\u00e4rkeimm\u00e4t muutokset (verrattuna Mantis X -malliin):<br \/>\n40% pienemm\u00e4t mitat<br \/>\n50 % kevyempi<br \/>\n3 \u00d7 pidempi ty\u00f6aika<br \/>\n4 \u00d7 nopeampi tiedonsiirto<br \/>\nMantis X3 on laite, joka pitk\u00e4\u00e4n tai lyhyeen aseeseen (22 mm:n Picatinny-kiskoon) asennettuna analysoi aseen liikealueen liipaisinta irrotettaessa, havaitsee laukauksen laukaisun ja ilmoittaa selke\u00e4sti ampumavirheist\u00e4.<br \/>\nJ\u00e4rjestelm\u00e4 havaitsee puutteemme ja antaa arvokkaita vinkkej\u00e4, joiden avulla voit parantaa motorisia taitojamme ja ammuntatekniikkaamme. MantisX on henkil\u00f6kohtainen valmentaja, jonka avulla voit treenata jopa kotona.<br \/>\nLaitetta ei synkronoida kohteen vaan aseen kanssa, johon se on asennettu, mik\u00e4 takaa mittauksen suurimman mahdollisen tarkkuuden. Mantis X3 -j\u00e4rjestelm\u00e4n k\u00e4ytt\u00f6\u00e4 varten tarvitaan \u00e4lypuhelin\/tabletti, johon on asennettu ilmainen sovellus (ladattavissa Android- ja IOS-alustalle).<br \/>\nMantis X3 on tehokas harjoitusj\u00e4rjestelm\u00e4 sek\u00e4 aloittelijoille ett\u00e4 edistyneille ampujille.<\/p>\n","protected":false},"featured_media":66048,"template":"","meta":{"_acf_changed":false},"product_brand":[],"product_cat":[812],"product_tag":[],"class_list":{"0":"post-66231","1":"product","2":"type-product","3":"status-publish","4":"has-post-thumbnail","6":"product_cat-ampumakoulutus","8":"first","9":"onbackorder","10":"sale","11":"product-type-simple"},"acf":[],"_links":{"self":[{"href":"https:\/\/kingarms.ee\/fi\/wp-json\/wp\/v2\/product\/66231","targetHints":{"allow":["GET"]}}],"collection":[{"href":"https:\/\/kingarms.ee\/fi\/wp-json\/wp\/v2\/product"}],"about":[{"href":"https:\/\/kingarms.ee\/fi\/wp-json\/wp\/v2\/types\/product"}],"wp:featuredmedia":[{"embeddable":true,"href":"https:\/\/kingarms.ee\/fi\/wp-json\/wp\/v2\/media\/66048"}],"wp:attachment":[{"href":"https:\/\/kingarms.ee\/fi\/wp-json\/wp\/v2\/media?parent=66231"}],"wp:term":[{"taxonomy":"product_brand","embeddable":true,"href":"https:\/\/kingarms.ee\/fi\/wp-json\/wp\/v2\/product_brand?post=66231"},{"taxonomy":"product_cat","embeddable":true,"href":"https:\/\/kingarms.ee\/fi\/wp-json\/wp\/v2\/product_cat?post=66231"},{"taxonomy":"product_tag","embeddable":true,"href":"https:\/\/kingarms.ee\/fi\/wp-json\/wp\/v2\/product_tag?post=66231"}],"curies":[{"name":"wp","href":"https:\/\/api.w.org\/{rel}","templated":true}]}}