{"id":66233,"date":"2022-11-07T14:08:07","date_gmt":"2022-11-07T11:32:38","guid":{"rendered":"https:\/\/kingarms.ee\/product\/supreme-pro-x-led-geeli-sordin\/"},"modified":"2024-08-08T11:22:09","modified_gmt":"2024-08-08T08:22:09","slug":"supreme-pro-x-led-gel-sordin-2","status":"publish","type":"product","link":"https:\/\/kingarms.ee\/fi\/product\/supreme-pro-x-led-gel-sordin-2\/","title":{"rendered":"SUPREME PRO-X LED-GEELI  [Sordin]"},"content":{"rendered":"","protected":false},"excerpt":{"rendered":"<p>Supreme Pro -korvakuulokkeessa yhdistyv\u00e4t optimaalinen suojaus, korkea vahvistus, AUX-tulo ja vedenpit\u00e4v\u00e4 paristokotelo. Se on saatavana vihreill\u00e4 tai mustilla kupeilla, kokoontaitettavalla otsapannalla tai kaulanauhaversiona. Vakiovarusteena on mukava vaahtomuovinen tiivistystyyny, mutta otsapantaversiot ovat saatavana my\u00f6s geelityynyll\u00e4 varustettuna.<\/p>\n<p>Tuotteen t\u00e4rkeimm\u00e4t ominaisuudet<br \/>\nKupit muotoiltu niin, ett\u00e4 ne sopivat sek\u00e4 oikea- ett\u00e4 vasenk\u00e4tisille ampujille.<br \/>\nK\u00e4tev\u00e4 kokoontaitettava p\u00e4\u00e4- tai kaulanauha<br \/>\nKaksi erillist\u00e4, hyvin suojattua mikrofonia \u00e4\u00e4nen optimaalisen suuntauksen sijainnin varmistamiseksi.<br \/>\nKorkea vahvistus ja luonnollinen \u00e4\u00e4nentoisto ilman pilkkomista ja leikkaamista.<br \/>\n\u00c4\u00e4nitulo (AUX) ulkoisten \u00e4\u00e4nil\u00e4hteiden, kuten radion, kytkemist\u00e4 varten.<br \/>\nMukana johto, jossa on 3,5 mm:n monojakkipistoke<br \/>\nVesitiiviit mikrofonit (IP67-testattu)<br \/>\nLis\u00e4varusteena naamioitu otsapanta<\/p>\n","protected":false},"featured_media":66144,"template":"","meta":{"_acf_changed":false},"product_brand":[],"product_cat":[780],"product_tag":[],"class_list":{"0":"post-66233","1":"product","2":"type-product","3":"status-publish","4":"has-post-thumbnail","6":"product_cat-aktiiviset-kuulokkeet","8":"first","9":"onbackorder","10":"sale","11":"product-type-simple"},"acf":[],"_links":{"self":[{"href":"https:\/\/kingarms.ee\/fi\/wp-json\/wp\/v2\/product\/66233","targetHints":{"allow":["GET"]}}],"collection":[{"href":"https:\/\/kingarms.ee\/fi\/wp-json\/wp\/v2\/product"}],"about":[{"href":"https:\/\/kingarms.ee\/fi\/wp-json\/wp\/v2\/types\/product"}],"wp:featuredmedia":[{"embeddable":true,"href":"https:\/\/kingarms.ee\/fi\/wp-json\/wp\/v2\/media\/66144"}],"wp:attachment":[{"href":"https:\/\/kingarms.ee\/fi\/wp-json\/wp\/v2\/media?parent=66233"}],"wp:term":[{"taxonomy":"product_brand","embeddable":true,"href":"https:\/\/kingarms.ee\/fi\/wp-json\/wp\/v2\/product_brand?post=66233"},{"taxonomy":"product_cat","embeddable":true,"href":"https:\/\/kingarms.ee\/fi\/wp-json\/wp\/v2\/product_cat?post=66233"},{"taxonomy":"product_tag","embeddable":true,"href":"https:\/\/kingarms.ee\/fi\/wp-json\/wp\/v2\/product_tag?post=66233"}],"curies":[{"name":"wp","href":"https:\/\/api.w.org\/{rel}","templated":true}]}}