{"id":67175,"date":"2022-11-14T16:37:09","date_gmt":"2022-11-14T14:53:26","guid":{"rendered":"https:\/\/kingarms.ee\/product\/aeg-asr115-combat-aps\/"},"modified":"2024-08-08T11:17:56","modified_gmt":"2024-08-08T08:17:56","slug":"aeg-asr115-combat-aps-3","status":"publish","type":"product","link":"https:\/\/kingarms.ee\/fi\/product\/aeg-asr115-combat-aps-3\/","title":{"rendered":"Aeg Asr115 Combat  [aps]"},"content":{"rendered":"","protected":false},"excerpt":{"rendered":"<p>Aeg Asr115 Combat [aps]<\/p>\n<p>T\u00e4ysmetallinen runko<br \/>\n13 tuuman m-lok-k\u00e4sisuojus<br \/>\n300 kierroksen lipas<br \/>\ns\u00e4hk\u00f6inen takaisku<br \/>\nk\u00e4\u00e4ntyv\u00e4t t\u00e4ht\u00e4imet<br \/>\nrs-2 sis\u00e4\u00e4nvedett\u00e4v\u00e4 varsi<br \/>\nsilver edge -vaihteisto<br \/>\npituus 81,5cm-89,5cm<br \/>\npaino 2750g<\/p>\n","protected":false},"featured_media":66556,"template":"","meta":{"_acf_changed":false},"product_brand":[],"product_cat":[251],"product_tag":[],"class_list":{"0":"post-67175","1":"product","2":"type-product","3":"status-publish","4":"has-post-thumbnail","6":"product_cat-sahkoaseet","8":"first","9":"onbackorder","10":"product-type-simple"},"acf":[],"_links":{"self":[{"href":"https:\/\/kingarms.ee\/fi\/wp-json\/wp\/v2\/product\/67175","targetHints":{"allow":["GET"]}}],"collection":[{"href":"https:\/\/kingarms.ee\/fi\/wp-json\/wp\/v2\/product"}],"about":[{"href":"https:\/\/kingarms.ee\/fi\/wp-json\/wp\/v2\/types\/product"}],"wp:featuredmedia":[{"embeddable":true,"href":"https:\/\/kingarms.ee\/fi\/wp-json\/wp\/v2\/media\/66556"}],"wp:attachment":[{"href":"https:\/\/kingarms.ee\/fi\/wp-json\/wp\/v2\/media?parent=67175"}],"wp:term":[{"taxonomy":"product_brand","embeddable":true,"href":"https:\/\/kingarms.ee\/fi\/wp-json\/wp\/v2\/product_brand?post=67175"},{"taxonomy":"product_cat","embeddable":true,"href":"https:\/\/kingarms.ee\/fi\/wp-json\/wp\/v2\/product_cat?post=67175"},{"taxonomy":"product_tag","embeddable":true,"href":"https:\/\/kingarms.ee\/fi\/wp-json\/wp\/v2\/product_tag?post=67175"}],"curies":[{"name":"wp","href":"https:\/\/api.w.org\/{rel}","templated":true}]}}