{"id":67229,"date":"2022-11-14T16:48:58","date_gmt":"2022-11-14T14:53:48","guid":{"rendered":"https:\/\/kingarms.ee\/product\/taktinen-vyo-15-js-tactical\/"},"modified":"2024-08-07T19:33:08","modified_gmt":"2024-08-07T16:33:08","slug":"taktinen-vyo-15-js-taktinen-2","status":"publish","type":"product","link":"https:\/\/kingarms.ee\/fi\/product\/taktinen-vyo-15-js-taktinen-2\/","title":{"rendered":"Taktinen vy\u00f6 1,5&#8243;  [js-tactical]"},"content":{"rendered":"","protected":false},"excerpt":{"rendered":"<p>Nylon kuitu<br \/>\nkorkeus 1,5&#8243; (381mm)<br \/>\nmetallisolki<br \/>\neritt\u00e4in suuri koko (vy\u00f6t\u00e4r\u00f6nymp\u00e4rys 107mm &#8211; 123mm).<br \/>\ns\u00e4\u00e4dett\u00e4viss\u00e4 tarranauhalla<br \/>\npaino 205g<br \/>\ntumma maanv\u00e4ri<\/p>\n","protected":false},"featured_media":66584,"template":"","meta":{"_acf_changed":false},"product_brand":[],"product_cat":[333],"product_tag":[],"class_list":{"0":"post-67229","1":"product","2":"type-product","3":"status-publish","4":"has-post-thumbnail","6":"product_cat-ipsc-hihnat","8":"first","9":"instock","10":"sale","11":"purchasable","12":"product-type-simple"},"acf":[],"_links":{"self":[{"href":"https:\/\/kingarms.ee\/fi\/wp-json\/wp\/v2\/product\/67229","targetHints":{"allow":["GET"]}}],"collection":[{"href":"https:\/\/kingarms.ee\/fi\/wp-json\/wp\/v2\/product"}],"about":[{"href":"https:\/\/kingarms.ee\/fi\/wp-json\/wp\/v2\/types\/product"}],"wp:featuredmedia":[{"embeddable":true,"href":"https:\/\/kingarms.ee\/fi\/wp-json\/wp\/v2\/media\/66584"}],"wp:attachment":[{"href":"https:\/\/kingarms.ee\/fi\/wp-json\/wp\/v2\/media?parent=67229"}],"wp:term":[{"taxonomy":"product_brand","embeddable":true,"href":"https:\/\/kingarms.ee\/fi\/wp-json\/wp\/v2\/product_brand?post=67229"},{"taxonomy":"product_cat","embeddable":true,"href":"https:\/\/kingarms.ee\/fi\/wp-json\/wp\/v2\/product_cat?post=67229"},{"taxonomy":"product_tag","embeddable":true,"href":"https:\/\/kingarms.ee\/fi\/wp-json\/wp\/v2\/product_tag?post=67229"}],"curies":[{"name":"wp","href":"https:\/\/api.w.org\/{rel}","templated":true}]}}