{"id":67267,"date":"2022-11-14T16:49:08","date_gmt":"2022-11-14T14:54:10","guid":{"rendered":"https:\/\/kingarms.ee\/product\/kivaari-m4-sharps-bros-ares\/"},"modified":"2024-08-07T19:26:18","modified_gmt":"2024-08-07T16:26:18","slug":"rifle-m4-sharps-bros-ares-arees","status":"publish","type":"product","link":"https:\/\/kingarms.ee\/fi\/product\/rifle-m4-sharps-bros-ares-arees\/","title":{"rendered":"Kiv\u00e4\u00e4ri M4 Sharps Bros.  [ares]"},"content":{"rendered":"","protected":false},"excerpt":{"rendered":"<p>Kiv\u00e4\u00e4ri M4 Sharps Bros. [ares]<\/p>\n<p>S\u00e4hk\u00f6kiv\u00e4\u00e4ri m4 hellbreaker<br \/>\nhyv\u00e4ksytty tavaramerkki sharps bros.<br \/>\nT\u00e4ysmetalli nylonkuitukannalla ja kahvalla varustettuna<br \/>\nSharps Bros. Suunnittelurunko<br \/>\nalumiini 10 tuuman k\u00e4sisuojus<br \/>\nmetallivaihteisto<br \/>\n300 kierroksen hi-cap lipas<br \/>\ns\u00e4\u00e4dett\u00e4v\u00e4 hop up<br \/>\nsis\u00e4\u00e4nvedett\u00e4v\u00e4 varasto<br \/>\nk\u00e4\u00e4ntyv\u00e4t t\u00e4ht\u00e4imet<br \/>\nturvallisuus, puoli- ja t\u00e4ysautomaatti<br \/>\npituus 730mm-810mm<br \/>\npaino 2460g<\/p>\n","protected":false},"featured_media":66568,"template":"","meta":{"_acf_changed":false},"product_brand":[],"product_cat":[251],"product_tag":[],"class_list":{"0":"post-67267","1":"product","2":"type-product","3":"status-publish","4":"has-post-thumbnail","6":"product_cat-sahkoaseet","8":"first","9":"instock","10":"sale","11":"purchasable","12":"product-type-simple"},"acf":[],"_links":{"self":[{"href":"https:\/\/kingarms.ee\/fi\/wp-json\/wp\/v2\/product\/67267","targetHints":{"allow":["GET"]}}],"collection":[{"href":"https:\/\/kingarms.ee\/fi\/wp-json\/wp\/v2\/product"}],"about":[{"href":"https:\/\/kingarms.ee\/fi\/wp-json\/wp\/v2\/types\/product"}],"wp:featuredmedia":[{"embeddable":true,"href":"https:\/\/kingarms.ee\/fi\/wp-json\/wp\/v2\/media\/66568"}],"wp:attachment":[{"href":"https:\/\/kingarms.ee\/fi\/wp-json\/wp\/v2\/media?parent=67267"}],"wp:term":[{"taxonomy":"product_brand","embeddable":true,"href":"https:\/\/kingarms.ee\/fi\/wp-json\/wp\/v2\/product_brand?post=67267"},{"taxonomy":"product_cat","embeddable":true,"href":"https:\/\/kingarms.ee\/fi\/wp-json\/wp\/v2\/product_cat?post=67267"},{"taxonomy":"product_tag","embeddable":true,"href":"https:\/\/kingarms.ee\/fi\/wp-json\/wp\/v2\/product_tag?post=67267"}],"curies":[{"name":"wp","href":"https:\/\/api.w.org\/{rel}","templated":true}]}}