{"id":67268,"date":"2022-11-14T16:49:08","date_gmt":"2022-11-14T14:54:10","guid":{"rendered":"https:\/\/kingarms.ee\/product\/aeg-phantom-extremis-mk-iii-aeg-phantom-extremis-mk-iii-aps\/"},"modified":"2024-08-07T19:27:11","modified_gmt":"2024-08-07T16:27:11","slug":"aeg-phantom-extremis-mk-iii-aps-2","status":"publish","type":"product","link":"https:\/\/kingarms.ee\/fi\/product\/aeg-phantom-extremis-mk-iii-aps-2\/","title":{"rendered":"Aeg Phantom Extremis Mk-iii Aeg Phantom Extremis Mk-iii  [aps]"},"content":{"rendered":"","protected":false},"excerpt":{"rendered":"<p>T\u00e4ysmetallinen runko<br \/>\nm-lok 13,5 tuuman k\u00e4sisuojus<br \/>\n300 kierroksen lipas<br \/>\ns\u00e4hk\u00f6inen takaisku<br \/>\nkaksik\u00e4tinen degign<br \/>\nliukastumista est\u00e4v\u00e4 pistoolikahva<br \/>\nk\u00e4\u00e4ntyv\u00e4t t\u00e4ht\u00e4imet<br \/>\nsilver edge -vaihteisto<br \/>\npituus 920mm<br \/>\npaino 2700g<\/p>\n","protected":false},"featured_media":66564,"template":"","meta":{"_acf_changed":false},"product_brand":[],"product_cat":[251],"product_tag":[],"class_list":{"0":"post-67268","1":"product","2":"type-product","3":"status-publish","4":"has-post-thumbnail","6":"product_cat-sahkoaseet","8":"first","9":"instock","10":"sale","11":"purchasable","12":"product-type-simple"},"acf":[],"_links":{"self":[{"href":"https:\/\/kingarms.ee\/fi\/wp-json\/wp\/v2\/product\/67268","targetHints":{"allow":["GET"]}}],"collection":[{"href":"https:\/\/kingarms.ee\/fi\/wp-json\/wp\/v2\/product"}],"about":[{"href":"https:\/\/kingarms.ee\/fi\/wp-json\/wp\/v2\/types\/product"}],"wp:featuredmedia":[{"embeddable":true,"href":"https:\/\/kingarms.ee\/fi\/wp-json\/wp\/v2\/media\/66564"}],"wp:attachment":[{"href":"https:\/\/kingarms.ee\/fi\/wp-json\/wp\/v2\/media?parent=67268"}],"wp:term":[{"taxonomy":"product_brand","embeddable":true,"href":"https:\/\/kingarms.ee\/fi\/wp-json\/wp\/v2\/product_brand?post=67268"},{"taxonomy":"product_cat","embeddable":true,"href":"https:\/\/kingarms.ee\/fi\/wp-json\/wp\/v2\/product_cat?post=67268"},{"taxonomy":"product_tag","embeddable":true,"href":"https:\/\/kingarms.ee\/fi\/wp-json\/wp\/v2\/product_tag?post=67268"}],"curies":[{"name":"wp","href":"https:\/\/api.w.org\/{rel}","templated":true}]}}