{"id":67269,"date":"2022-11-14T16:48:58","date_gmt":"2022-11-14T14:54:10","guid":{"rendered":"https:\/\/kingarms.ee\/product\/reppu-45-litraa-wosport\/"},"modified":"2024-08-07T19:34:32","modified_gmt":"2024-08-07T16:34:32","slug":"reppu-45-litraa-wosport","status":"publish","type":"product","link":"https:\/\/kingarms.ee\/fi\/product\/reppu-45-litraa-wosport\/","title":{"rendered":"Reppu 45 litraa  [wosport]"},"content":{"rendered":"","protected":false},"excerpt":{"rendered":"<p>Vedenpit\u00e4v\u00e4 ja naarmuuntumaton 600dpvc polyesteri<br \/>\nhengitt\u00e4v\u00e4t osat sel\u00e4ss\u00e4<br \/>\ns\u00e4\u00e4dett\u00e4v\u00e4 olkahihnojen v\u00e4linen et\u00e4isyys<br \/>\nvy\u00f6t\u00e4r\u00f6- ja rintavy\u00f6 s\u00e4\u00e4dett\u00e4viss\u00e4 ja irrotettavissa<br \/>\nmolle-j\u00e4rjestelm\u00e4<br \/>\nkaksinkertainen vetoketju kaikissa taskuissa ja lokeroissa<br \/>\nsis\u00e4inen alajako jokaisessa lokerossa paremman tilan j\u00e4rjest\u00e4misen vuoksi<br \/>\nmitat noin 45x30x25cm (korkeus x leveys x syvyys).<br \/>\npaino 1400g<\/p>\n","protected":false},"featured_media":66500,"template":"","meta":{"_acf_changed":false},"product_brand":[],"product_cat":[264,895],"product_tag":[],"class_list":{"0":"post-67269","1":"product","2":"type-product","3":"status-publish","4":"has-post-thumbnail","6":"product_cat-taskut-laukut-vyot","7":"product_cat-reput","9":"first","10":"instock","11":"purchasable","12":"product-type-simple"},"acf":[],"_links":{"self":[{"href":"https:\/\/kingarms.ee\/fi\/wp-json\/wp\/v2\/product\/67269","targetHints":{"allow":["GET"]}}],"collection":[{"href":"https:\/\/kingarms.ee\/fi\/wp-json\/wp\/v2\/product"}],"about":[{"href":"https:\/\/kingarms.ee\/fi\/wp-json\/wp\/v2\/types\/product"}],"wp:featuredmedia":[{"embeddable":true,"href":"https:\/\/kingarms.ee\/fi\/wp-json\/wp\/v2\/media\/66500"}],"wp:attachment":[{"href":"https:\/\/kingarms.ee\/fi\/wp-json\/wp\/v2\/media?parent=67269"}],"wp:term":[{"taxonomy":"product_brand","embeddable":true,"href":"https:\/\/kingarms.ee\/fi\/wp-json\/wp\/v2\/product_brand?post=67269"},{"taxonomy":"product_cat","embeddable":true,"href":"https:\/\/kingarms.ee\/fi\/wp-json\/wp\/v2\/product_cat?post=67269"},{"taxonomy":"product_tag","embeddable":true,"href":"https:\/\/kingarms.ee\/fi\/wp-json\/wp\/v2\/product_tag?post=67269"}],"curies":[{"name":"wp","href":"https:\/\/api.w.org\/{rel}","templated":true}]}}