{"id":67275,"date":"2022-11-14T16:49:08","date_gmt":"2022-11-14T14:54:13","guid":{"rendered":"https:\/\/kingarms.ee\/product\/aeg-phantom-extremis-mk-i-aps\/"},"modified":"2024-08-07T19:28:11","modified_gmt":"2024-08-07T16:28:11","slug":"aeg-phantom-extremis-mk-i-aps-2","status":"publish","type":"product","link":"https:\/\/kingarms.ee\/fi\/product\/aeg-phantom-extremis-mk-i-aps-2\/","title":{"rendered":"Aeg Phantom Extremis Mk-i  [aps]"},"content":{"rendered":"","protected":false},"excerpt":{"rendered":"<p>T\u00e4ysmetallinen runko<br \/>\nevo tech 3.0 10 tuuman m-lok-k\u00e4sisuojus, jossa on 7 aukkoa<br \/>\n300 kierroksen lipas<br \/>\ns\u00e4hk\u00f6inen takaisku<br \/>\nkaksik\u00e4tinen muotoilu<br \/>\nsis\u00e4\u00e4nvedett\u00e4v\u00e4 rs-2 varsi<br \/>\nk\u00e4\u00e4ntyv\u00e4t t\u00e4ht\u00e4imet<br \/>\nsilver edge -vaihteisto<br \/>\npituus 840mm-920mm<br \/>\npaino 2650g<\/p>\n","protected":false},"featured_media":66560,"template":"","meta":{"_acf_changed":false},"product_brand":[],"product_cat":[251],"product_tag":[],"class_list":{"0":"post-67275","1":"product","2":"type-product","3":"status-publish","4":"has-post-thumbnail","6":"product_cat-sahkoaseet","8":"first","9":"onbackorder","10":"product-type-simple"},"acf":[],"_links":{"self":[{"href":"https:\/\/kingarms.ee\/fi\/wp-json\/wp\/v2\/product\/67275","targetHints":{"allow":["GET"]}}],"collection":[{"href":"https:\/\/kingarms.ee\/fi\/wp-json\/wp\/v2\/product"}],"about":[{"href":"https:\/\/kingarms.ee\/fi\/wp-json\/wp\/v2\/types\/product"}],"wp:featuredmedia":[{"embeddable":true,"href":"https:\/\/kingarms.ee\/fi\/wp-json\/wp\/v2\/media\/66560"}],"wp:attachment":[{"href":"https:\/\/kingarms.ee\/fi\/wp-json\/wp\/v2\/media?parent=67275"}],"wp:term":[{"taxonomy":"product_brand","embeddable":true,"href":"https:\/\/kingarms.ee\/fi\/wp-json\/wp\/v2\/product_brand?post=67275"},{"taxonomy":"product_cat","embeddable":true,"href":"https:\/\/kingarms.ee\/fi\/wp-json\/wp\/v2\/product_cat?post=67275"},{"taxonomy":"product_tag","embeddable":true,"href":"https:\/\/kingarms.ee\/fi\/wp-json\/wp\/v2\/product_tag?post=67275"}],"curies":[{"name":"wp","href":"https:\/\/api.w.org\/{rel}","templated":true}]}}