{"id":67290,"date":"2022-11-14T16:48:22","date_gmt":"2022-11-14T14:54:22","guid":{"rendered":"https:\/\/kingarms.ee\/product\/warfet-1-1-gate\/"},"modified":"2024-08-08T11:10:51","modified_gmt":"2024-08-08T08:10:51","slug":"warfet-1-1-portti","status":"publish","type":"product","link":"https:\/\/kingarms.ee\/fi\/product\/warfet-1-1-portti\/","title":{"rendered":"Warfet 1.1  [gate]"},"content":{"rendered":"","protected":false},"excerpt":{"rendered":"<p>Setti sis\u00e4lt\u00e4\u00e4:<br \/>\n&#8211; warfet-tehomoduuli<br \/>\n&#8211; taktinen ohjelmointikortti<br \/>\n&#8211; akku mini tamiyaadapteri<br \/>\n&#8211; aeg mini tamiya-sovitin<br \/>\n&#8211; pari dean-t-liittimi\u00e4<br \/>\n&#8211; yksi laukaisujohto<br \/>\n&#8211; kaksinkertainen laukaisulanka<br \/>\n&#8211; pikaopas<br \/>\nt\u00e4rkeimm\u00e4t ominaisuudet:<br \/>\n&#8211; 3. sukupolven mosfet<br \/>\n&#8211; konfiguroitavissa oleva palonvalitsin<br \/>\n&#8211; aktiivinen jarru<br \/>\n&#8211; esihakaaminen<br \/>\n&#8211; rof-ohjaus<br \/>\n&#8211; \u00e4lyk\u00e4s laukaisin<br \/>\n&#8211; akun suojaus<br \/>\n&#8211; elektroninen sulake<br \/>\n&#8211; \u00e4lyk\u00e4s sulake<br \/>\n&#8211; taktinen ohjelmointikortti<br \/>\n&#8211; plug &amp; play<br \/>\n&#8211; 1-5rd burst<br \/>\n&#8211; debouning<br \/>\n&#8211; sis\u00e4\u00e4nrakennettu itsetesti<br \/>\n&#8211; pime\u00e4 tila<br \/>\n&#8211; pinnoite<br \/>\n&#8211; kiinte\u00e4sti kytketty<br \/>\n&#8211; dean-t valmis<br \/>\n&#8211; mini-tamiya-sovitin<br \/>\n&#8211; 14.8V li-po valmis<br \/>\n&#8211; Pikak\u00e4ynnistys mukana<\/p>\n","protected":false},"featured_media":66416,"template":"","meta":{"_acf_changed":false},"product_brand":[],"product_cat":[820],"product_tag":[],"class_list":{"0":"post-67290","1":"product","2":"type-product","3":"status-publish","4":"has-post-thumbnail","6":"product_cat-gate-fi","8":"first","9":"onbackorder","10":"product-type-simple"},"acf":[],"_links":{"self":[{"href":"https:\/\/kingarms.ee\/fi\/wp-json\/wp\/v2\/product\/67290","targetHints":{"allow":["GET"]}}],"collection":[{"href":"https:\/\/kingarms.ee\/fi\/wp-json\/wp\/v2\/product"}],"about":[{"href":"https:\/\/kingarms.ee\/fi\/wp-json\/wp\/v2\/types\/product"}],"wp:featuredmedia":[{"embeddable":true,"href":"https:\/\/kingarms.ee\/fi\/wp-json\/wp\/v2\/media\/66416"}],"wp:attachment":[{"href":"https:\/\/kingarms.ee\/fi\/wp-json\/wp\/v2\/media?parent=67290"}],"wp:term":[{"taxonomy":"product_brand","embeddable":true,"href":"https:\/\/kingarms.ee\/fi\/wp-json\/wp\/v2\/product_brand?post=67290"},{"taxonomy":"product_cat","embeddable":true,"href":"https:\/\/kingarms.ee\/fi\/wp-json\/wp\/v2\/product_cat?post=67290"},{"taxonomy":"product_tag","embeddable":true,"href":"https:\/\/kingarms.ee\/fi\/wp-json\/wp\/v2\/product_tag?post=67290"}],"curies":[{"name":"wp","href":"https:\/\/api.w.org\/{rel}","templated":true}]}}