{"id":67292,"date":"2022-11-14T16:48:22","date_gmt":"2022-11-14T14:54:24","guid":{"rendered":"https:\/\/kingarms.ee\/product\/aanenvaimennin-gemtechmadbull\/"},"modified":"2024-08-08T11:11:35","modified_gmt":"2024-08-08T08:11:35","slug":"aanenvaimennin-gemtechmadbull","status":"publish","type":"product","link":"https:\/\/kingarms.ee\/fi\/product\/aanenvaimennin-gemtechmadbull\/","title":{"rendered":"\u00c4\u00e4nenvaimennin Gemtech[madbull]"},"content":{"rendered":"","protected":false},"excerpt":{"rendered":"<p>Kest\u00e4v\u00e4 alumiini<br \/>\nlaserkaiverrukset<br \/>\nT\u00e4ysin lisensoitu tuote bygemtech<br \/>\npituus 193mm<br \/>\nhalkaisija 38mm<br \/>\npaino 190g<\/p>\n","protected":false},"featured_media":66440,"template":"","meta":{"_acf_changed":false},"product_brand":[],"product_cat":[272],"product_tag":[],"class_list":{"0":"post-67292","1":"product","2":"type-product","3":"status-publish","4":"has-post-thumbnail","6":"product_cat-aanenvaimentimet","8":"first","9":"onbackorder","10":"product-type-simple"},"acf":[],"_links":{"self":[{"href":"https:\/\/kingarms.ee\/fi\/wp-json\/wp\/v2\/product\/67292","targetHints":{"allow":["GET"]}}],"collection":[{"href":"https:\/\/kingarms.ee\/fi\/wp-json\/wp\/v2\/product"}],"about":[{"href":"https:\/\/kingarms.ee\/fi\/wp-json\/wp\/v2\/types\/product"}],"wp:featuredmedia":[{"embeddable":true,"href":"https:\/\/kingarms.ee\/fi\/wp-json\/wp\/v2\/media\/66440"}],"wp:attachment":[{"href":"https:\/\/kingarms.ee\/fi\/wp-json\/wp\/v2\/media?parent=67292"}],"wp:term":[{"taxonomy":"product_brand","embeddable":true,"href":"https:\/\/kingarms.ee\/fi\/wp-json\/wp\/v2\/product_brand?post=67292"},{"taxonomy":"product_cat","embeddable":true,"href":"https:\/\/kingarms.ee\/fi\/wp-json\/wp\/v2\/product_cat?post=67292"},{"taxonomy":"product_tag","embeddable":true,"href":"https:\/\/kingarms.ee\/fi\/wp-json\/wp\/v2\/product_tag?post=67292"}],"curies":[{"name":"wp","href":"https:\/\/api.w.org\/{rel}","templated":true}]}}