{"id":67316,"date":"2022-11-14T16:48:22","date_gmt":"2022-11-14T14:54:34","guid":{"rendered":"https:\/\/kingarms.ee\/product\/sahkokivaari-stubby-5-ak\/"},"modified":"2024-08-08T11:12:58","modified_gmt":"2024-08-08T08:12:58","slug":"electric-rifle-stubby-5-ak-2","status":"publish","type":"product","link":"https:\/\/kingarms.ee\/fi\/product\/electric-rifle-stubby-5-ak-2\/","title":{"rendered":"S\u00e4hk\u00f6kiv\u00e4\u00e4ri Stubby-5"},"content":{"rendered":"","protected":false},"excerpt":{"rendered":"<p>S\u00e4hk\u00f6kiv\u00e4\u00e4ri Stubby-5<\/p>\n<p>metalliset yl\u00e4- ja alavastaanottimet<br \/>\nmetallinen hi-cap lipas 150 patruunaa<br \/>\nflip-up s\u00e4\u00e4dett\u00e4v\u00e4t t\u00e4ht\u00e4imet<br \/>\npolymeerinen pystykahva<br \/>\npolymeerinen nosturivarasto<br \/>\ntulitila: turvallinen, yksitt\u00e4islaukaus ja sarjatulitus<br \/>\npituus 655mm &#8211; 720mm<br \/>\npaino 2750g<\/p>\n","protected":false},"featured_media":66920,"template":"","meta":{"_acf_changed":false},"product_brand":[],"product_cat":[251],"product_tag":[],"class_list":{"0":"post-67316","1":"product","2":"type-product","3":"status-publish","4":"has-post-thumbnail","6":"product_cat-sahkoaseet","8":"first","9":"onbackorder","10":"sale","11":"product-type-simple"},"acf":[],"_links":{"self":[{"href":"https:\/\/kingarms.ee\/fi\/wp-json\/wp\/v2\/product\/67316","targetHints":{"allow":["GET"]}}],"collection":[{"href":"https:\/\/kingarms.ee\/fi\/wp-json\/wp\/v2\/product"}],"about":[{"href":"https:\/\/kingarms.ee\/fi\/wp-json\/wp\/v2\/types\/product"}],"wp:featuredmedia":[{"embeddable":true,"href":"https:\/\/kingarms.ee\/fi\/wp-json\/wp\/v2\/media\/66920"}],"wp:attachment":[{"href":"https:\/\/kingarms.ee\/fi\/wp-json\/wp\/v2\/media?parent=67316"}],"wp:term":[{"taxonomy":"product_brand","embeddable":true,"href":"https:\/\/kingarms.ee\/fi\/wp-json\/wp\/v2\/product_brand?post=67316"},{"taxonomy":"product_cat","embeddable":true,"href":"https:\/\/kingarms.ee\/fi\/wp-json\/wp\/v2\/product_cat?post=67316"},{"taxonomy":"product_tag","embeddable":true,"href":"https:\/\/kingarms.ee\/fi\/wp-json\/wp\/v2\/product_tag?post=67316"}],"curies":[{"name":"wp","href":"https:\/\/api.w.org\/{rel}","templated":true}]}}