{"id":67320,"date":"2022-11-14T16:48:32","date_gmt":"2022-11-14T13:48:32","guid":{"rendered":"https:\/\/kingarms.ee\/product\/revolveri-4-hopeabruni\/"},"modified":"2024-08-08T10:51:57","modified_gmt":"2024-08-08T07:51:57","slug":"revolveri-4-silverbruni","status":"publish","type":"product","link":"https:\/\/kingarms.ee\/fi\/product\/revolveri-4-silverbruni\/","title":{"rendered":"Revolveri 4&#8243; hopea[bruni]"},"content":{"rendered":"","protected":false},"excerpt":{"rendered":"<p>Co2 revolveri<br \/>\nkaliiperi 4,5mm<br \/>\nt\u00e4ysmetalli<br \/>\n6 kierroksen rumpulippa<br \/>\npiipun pituus 4 tuumaa<br \/>\nturvalukko, kertalaukaus<br \/>\n6 haulia, pikalatauslaite ja kisko mukana.<br \/>\nkeskim\u00e4\u00e4r\u00e4inen teho 1,98j (noin106 m\/s 0,35g painavilla ter\u00e4shauleilla).<br \/>\npituus 248mm<br \/>\npaino 895 g<\/p>\n","protected":false},"featured_media":66872,"template":"","meta":{"_acf_changed":false},"product_brand":[],"product_cat":[672],"product_tag":[],"class_list":{"0":"post-67320","1":"product","2":"type-product","3":"status-publish","4":"has-post-thumbnail","6":"product_cat-pienaseet","8":"first","9":"onbackorder","10":"product-type-simple"},"acf":[],"_links":{"self":[{"href":"https:\/\/kingarms.ee\/fi\/wp-json\/wp\/v2\/product\/67320","targetHints":{"allow":["GET"]}}],"collection":[{"href":"https:\/\/kingarms.ee\/fi\/wp-json\/wp\/v2\/product"}],"about":[{"href":"https:\/\/kingarms.ee\/fi\/wp-json\/wp\/v2\/types\/product"}],"wp:featuredmedia":[{"embeddable":true,"href":"https:\/\/kingarms.ee\/fi\/wp-json\/wp\/v2\/media\/66872"}],"wp:attachment":[{"href":"https:\/\/kingarms.ee\/fi\/wp-json\/wp\/v2\/media?parent=67320"}],"wp:term":[{"taxonomy":"product_brand","embeddable":true,"href":"https:\/\/kingarms.ee\/fi\/wp-json\/wp\/v2\/product_brand?post=67320"},{"taxonomy":"product_cat","embeddable":true,"href":"https:\/\/kingarms.ee\/fi\/wp-json\/wp\/v2\/product_cat?post=67320"},{"taxonomy":"product_tag","embeddable":true,"href":"https:\/\/kingarms.ee\/fi\/wp-json\/wp\/v2\/product_tag?post=67320"}],"curies":[{"name":"wp","href":"https:\/\/api.w.org\/{rel}","templated":true}]}}