{"id":67322,"date":"2022-11-14T16:48:32","date_gmt":"2022-11-14T14:54:45","guid":{"rendered":"https:\/\/kingarms.ee\/product\/pistooli-p210-co2-45mmbruni\/"},"modified":"2024-08-08T10:52:40","modified_gmt":"2024-08-08T07:52:40","slug":"pistol-p210-co2-45mmbruni-2","status":"publish","type":"product","link":"https:\/\/kingarms.ee\/fi\/product\/pistol-p210-co2-45mmbruni-2\/","title":{"rendered":"Pistooli P210 Co2 4,5mm[bruni]"},"content":{"rendered":"","protected":false},"excerpt":{"rendered":"<p>Co2 takaisku pistooli<br \/>\nkaliiperi 4,5mm<br \/>\nt\u00e4ysmetalli, jossa on puuj\u00e4ljitelm\u00e4levyinen kahva<br \/>\n18 kierrosta co2 lipas<br \/>\nnoin 100 laukausta 1 co2capsulilla<br \/>\nteho 1,81 j (noin 102 m\/s 0,35 g:n ter\u00e4shauleilla).<br \/>\nturvalukko, kertalaukaus<br \/>\npituus 214mm<br \/>\npaino 920g<\/p>\n","protected":false},"featured_media":66860,"template":"","meta":{"_acf_changed":false},"product_brand":[],"product_cat":[672],"product_tag":[],"class_list":{"0":"post-67322","1":"product","2":"type-product","3":"status-publish","4":"has-post-thumbnail","6":"product_cat-pienaseet","8":"first","9":"instock","10":"purchasable","11":"product-type-simple"},"acf":[],"_links":{"self":[{"href":"https:\/\/kingarms.ee\/fi\/wp-json\/wp\/v2\/product\/67322","targetHints":{"allow":["GET"]}}],"collection":[{"href":"https:\/\/kingarms.ee\/fi\/wp-json\/wp\/v2\/product"}],"about":[{"href":"https:\/\/kingarms.ee\/fi\/wp-json\/wp\/v2\/types\/product"}],"wp:featuredmedia":[{"embeddable":true,"href":"https:\/\/kingarms.ee\/fi\/wp-json\/wp\/v2\/media\/66860"}],"wp:attachment":[{"href":"https:\/\/kingarms.ee\/fi\/wp-json\/wp\/v2\/media?parent=67322"}],"wp:term":[{"taxonomy":"product_brand","embeddable":true,"href":"https:\/\/kingarms.ee\/fi\/wp-json\/wp\/v2\/product_brand?post=67322"},{"taxonomy":"product_cat","embeddable":true,"href":"https:\/\/kingarms.ee\/fi\/wp-json\/wp\/v2\/product_cat?post=67322"},{"taxonomy":"product_tag","embeddable":true,"href":"https:\/\/kingarms.ee\/fi\/wp-json\/wp\/v2\/product_tag?post=67322"}],"curies":[{"name":"wp","href":"https:\/\/api.w.org\/{rel}","templated":true}]}}