{"id":67348,"date":"2022-11-14T16:48:32","date_gmt":"2022-11-14T14:55:00","guid":{"rendered":"https:\/\/kingarms.ee\/product\/polykarbonaatti-manta-royal\/"},"modified":"2024-08-08T10:55:31","modified_gmt":"2024-08-08T07:55:31","slug":"polykarbonaatti-mantaroyal","status":"publish","type":"product","link":"https:\/\/kingarms.ee\/fi\/product\/polykarbonaatti-mantaroyal\/","title":{"rendered":"Polykarbonaatti m\u00e4nt\u00e4  [royal]"},"content":{"rendered":"","protected":false},"excerpt":{"rendered":"<p>Polykarbonaattim\u00e4nt\u00e4<br \/>\n7 metallihammasta<\/p>\n","protected":false},"featured_media":66776,"template":"","meta":{"_acf_changed":false},"product_brand":[],"product_cat":[275],"product_tag":[],"class_list":{"0":"post-67348","1":"product","2":"type-product","3":"status-publish","4":"has-post-thumbnail","6":"product_cat-viritys","8":"first","9":"instock","10":"purchasable","11":"product-type-simple"},"acf":[],"_links":{"self":[{"href":"https:\/\/kingarms.ee\/fi\/wp-json\/wp\/v2\/product\/67348","targetHints":{"allow":["GET"]}}],"collection":[{"href":"https:\/\/kingarms.ee\/fi\/wp-json\/wp\/v2\/product"}],"about":[{"href":"https:\/\/kingarms.ee\/fi\/wp-json\/wp\/v2\/types\/product"}],"wp:featuredmedia":[{"embeddable":true,"href":"https:\/\/kingarms.ee\/fi\/wp-json\/wp\/v2\/media\/66776"}],"wp:attachment":[{"href":"https:\/\/kingarms.ee\/fi\/wp-json\/wp\/v2\/media?parent=67348"}],"wp:term":[{"taxonomy":"product_brand","embeddable":true,"href":"https:\/\/kingarms.ee\/fi\/wp-json\/wp\/v2\/product_brand?post=67348"},{"taxonomy":"product_cat","embeddable":true,"href":"https:\/\/kingarms.ee\/fi\/wp-json\/wp\/v2\/product_cat?post=67348"},{"taxonomy":"product_tag","embeddable":true,"href":"https:\/\/kingarms.ee\/fi\/wp-json\/wp\/v2\/product_tag?post=67348"}],"curies":[{"name":"wp","href":"https:\/\/api.w.org\/{rel}","templated":true}]}}