{"id":67365,"date":"2022-11-14T16:48:32","date_gmt":"2022-11-14T14:55:10","guid":{"rendered":"https:\/\/kingarms.ee\/product\/recon-vyotarolaukku-emersongear\/"},"modified":"2024-08-08T10:59:46","modified_gmt":"2024-08-08T07:59:46","slug":"recon-waist-bagemersongear-2","status":"publish","type":"product","link":"https:\/\/kingarms.ee\/fi\/product\/recon-waist-bagemersongear-2\/","title":{"rendered":"Recon vy\u00f6t\u00e4r\u00f6laukku  [emersongear]"},"content":{"rendered":"","protected":false},"excerpt":{"rendered":"<p>Vetoketju<br \/>\nvetoketjullinen etupussi<br \/>\nkoukku- ja silmukkapaneeli edess\u00e4 laastaria varten<br \/>\ntakana 4x lipaskotelot<br \/>\nmolemmin puolin molle-hihna<br \/>\ns\u00e4\u00e4dett\u00e4v\u00e4 olkahihna ja vy\u00f6t\u00e4r\u00f6hihna<br \/>\nmitat 390mm x 140mm x 200mm<br \/>\npaino 600g<\/p>\n","protected":false},"featured_media":66800,"template":"","meta":{"_acf_changed":false},"product_brand":[],"product_cat":[646],"product_tag":[],"class_list":{"0":"post-67365","1":"product","2":"type-product","3":"status-publish","4":"has-post-thumbnail","6":"product_cat-taskut","8":"first","9":"instock","10":"purchasable","11":"product-type-simple"},"acf":[],"_links":{"self":[{"href":"https:\/\/kingarms.ee\/fi\/wp-json\/wp\/v2\/product\/67365","targetHints":{"allow":["GET"]}}],"collection":[{"href":"https:\/\/kingarms.ee\/fi\/wp-json\/wp\/v2\/product"}],"about":[{"href":"https:\/\/kingarms.ee\/fi\/wp-json\/wp\/v2\/types\/product"}],"wp:featuredmedia":[{"embeddable":true,"href":"https:\/\/kingarms.ee\/fi\/wp-json\/wp\/v2\/media\/66800"}],"wp:attachment":[{"href":"https:\/\/kingarms.ee\/fi\/wp-json\/wp\/v2\/media?parent=67365"}],"wp:term":[{"taxonomy":"product_brand","embeddable":true,"href":"https:\/\/kingarms.ee\/fi\/wp-json\/wp\/v2\/product_brand?post=67365"},{"taxonomy":"product_cat","embeddable":true,"href":"https:\/\/kingarms.ee\/fi\/wp-json\/wp\/v2\/product_cat?post=67365"},{"taxonomy":"product_tag","embeddable":true,"href":"https:\/\/kingarms.ee\/fi\/wp-json\/wp\/v2\/product_tag?post=67365"}],"curies":[{"name":"wp","href":"https:\/\/api.w.org\/{rel}","templated":true}]}}