{"id":67369,"date":"2022-11-14T16:48:22","date_gmt":"2022-11-14T14:55:11","guid":{"rendered":"https:\/\/kingarms.ee\/product\/sylinterisarja-forak47-47s-sarjamodify\/"},"modified":"2024-08-08T11:15:49","modified_gmt":"2024-08-08T08:15:49","slug":"sylinterisarja-forak47-47s-seriesmodify","status":"publish","type":"product","link":"https:\/\/kingarms.ee\/fi\/product\/sylinterisarja-forak47-47s-seriesmodify\/","title":{"rendered":"Sylinterisarja Forak47\/47s-sarja[modify]"},"content":{"rendered":"","protected":false},"excerpt":{"rendered":"<p>Sylinterisarja<br \/>\nsis\u00e4lt\u00e4\u00e4 galvanoidun sylinterin, ruostumattomasta ter\u00e4ksest\u00e4 valmistetun sylinterin p\u00e4\u00e4n, ilmatiivistesuuttimen, polykarbonaatista valmistetun m\u00e4nn\u00e4n p\u00e4\u00e4n ja m\u00e4nn\u00e4n.<br \/>\nsopii s\u00e4hk\u00f6kiv\u00e4\u00e4riin ak47\/47s-sarjaa varten.<\/p>\n","protected":false},"featured_media":66892,"template":"","meta":{"_acf_changed":false},"product_brand":[],"product_cat":[275],"product_tag":[],"class_list":{"0":"post-67369","1":"product","2":"type-product","3":"status-publish","4":"has-post-thumbnail","6":"product_cat-viritys","8":"first","9":"instock","10":"purchasable","11":"product-type-simple"},"acf":[],"_links":{"self":[{"href":"https:\/\/kingarms.ee\/fi\/wp-json\/wp\/v2\/product\/67369","targetHints":{"allow":["GET"]}}],"collection":[{"href":"https:\/\/kingarms.ee\/fi\/wp-json\/wp\/v2\/product"}],"about":[{"href":"https:\/\/kingarms.ee\/fi\/wp-json\/wp\/v2\/types\/product"}],"wp:featuredmedia":[{"embeddable":true,"href":"https:\/\/kingarms.ee\/fi\/wp-json\/wp\/v2\/media\/66892"}],"wp:attachment":[{"href":"https:\/\/kingarms.ee\/fi\/wp-json\/wp\/v2\/media?parent=67369"}],"wp:term":[{"taxonomy":"product_brand","embeddable":true,"href":"https:\/\/kingarms.ee\/fi\/wp-json\/wp\/v2\/product_brand?post=67369"},{"taxonomy":"product_cat","embeddable":true,"href":"https:\/\/kingarms.ee\/fi\/wp-json\/wp\/v2\/product_cat?post=67369"},{"taxonomy":"product_tag","embeddable":true,"href":"https:\/\/kingarms.ee\/fi\/wp-json\/wp\/v2\/product_tag?post=67369"}],"curies":[{"name":"wp","href":"https:\/\/api.w.org\/{rel}","templated":true}]}}