{"id":67404,"date":"2022-11-14T16:48:22","date_gmt":"2022-11-14T14:55:36","guid":{"rendered":"https:\/\/kingarms.ee\/product\/aanenvaimennin-royal\/"},"modified":"2024-08-08T11:17:14","modified_gmt":"2024-08-08T08:17:14","slug":"aanenvaimennin-kuninkaallinen","status":"publish","type":"product","link":"https:\/\/kingarms.ee\/fi\/product\/aanenvaimennin-kuninkaallinen\/","title":{"rendered":"\u00c4\u00e4nenvaimennin  [royal]"},"content":{"rendered":"","protected":false},"excerpt":{"rendered":"<p>\u00c4\u00e4nenvaimennin pitk\u00e4 195mmhalkaisija 30mm<br \/>\nmetrinen kierre 14&#215;1 l tan<\/p>\n","protected":false},"featured_media":66460,"template":"","meta":{"_acf_changed":false},"product_brand":[],"product_cat":[272],"product_tag":[],"class_list":{"0":"post-67404","1":"product","2":"type-product","3":"status-publish","4":"has-post-thumbnail","6":"product_cat-aanenvaimentimet","8":"first","9":"onbackorder","10":"product-type-simple"},"acf":[],"_links":{"self":[{"href":"https:\/\/kingarms.ee\/fi\/wp-json\/wp\/v2\/product\/67404","targetHints":{"allow":["GET"]}}],"collection":[{"href":"https:\/\/kingarms.ee\/fi\/wp-json\/wp\/v2\/product"}],"about":[{"href":"https:\/\/kingarms.ee\/fi\/wp-json\/wp\/v2\/types\/product"}],"wp:featuredmedia":[{"embeddable":true,"href":"https:\/\/kingarms.ee\/fi\/wp-json\/wp\/v2\/media\/66460"}],"wp:attachment":[{"href":"https:\/\/kingarms.ee\/fi\/wp-json\/wp\/v2\/media?parent=67404"}],"wp:term":[{"taxonomy":"product_brand","embeddable":true,"href":"https:\/\/kingarms.ee\/fi\/wp-json\/wp\/v2\/product_brand?post=67404"},{"taxonomy":"product_cat","embeddable":true,"href":"https:\/\/kingarms.ee\/fi\/wp-json\/wp\/v2\/product_cat?post=67404"},{"taxonomy":"product_tag","embeddable":true,"href":"https:\/\/kingarms.ee\/fi\/wp-json\/wp\/v2\/product_tag?post=67404"}],"curies":[{"name":"wp","href":"https:\/\/api.w.org\/{rel}","templated":true}]}}