{"id":67433,"date":"2022-11-14T16:48:58","date_gmt":"2022-11-14T14:55:50","guid":{"rendered":"https:\/\/kingarms.ee\/product\/compound-bow-40-55-lbs\/"},"modified":"2024-08-07T19:38:06","modified_gmt":"2024-08-07T16:38:06","slug":"compound-bow-40-55-lbs-2","status":"publish","type":"product","link":"https:\/\/kingarms.ee\/fi\/product\/compound-bow-40-55-lbs-2\/","title":{"rendered":"Compound Bow 40-55 Lbs"},"content":{"rendered":"","protected":false},"excerpt":{"rendered":"<p>Compound Bow 40-55 Lbs<\/p>\n<p>Yhdistelm\u00e4jousi<br \/>\ns\u00e4\u00e4dett\u00e4v\u00e4 vetopaino 40-55 lbs<br \/>\nnopeus 310fps<br \/>\nvetopituus 24-29.5 tuumaa<br \/>\nkannattimen korkeus 7.3 tuumaa<br \/>\nmitat cm 93x33x6,5<br \/>\npaino 1,7kg<br \/>\nvain oikeak\u00e4tisille<\/p>\n","protected":false},"featured_media":66524,"template":"","meta":{"_acf_changed":false},"product_brand":[],"product_cat":[803],"product_tag":[],"class_list":{"0":"post-67433","1":"product","2":"type-product","3":"status-publish","4":"has-post-thumbnail","6":"product_cat-jouset","8":"first","9":"instock","10":"sale","11":"purchasable","12":"product-type-simple"},"acf":[],"_links":{"self":[{"href":"https:\/\/kingarms.ee\/fi\/wp-json\/wp\/v2\/product\/67433","targetHints":{"allow":["GET"]}}],"collection":[{"href":"https:\/\/kingarms.ee\/fi\/wp-json\/wp\/v2\/product"}],"about":[{"href":"https:\/\/kingarms.ee\/fi\/wp-json\/wp\/v2\/types\/product"}],"wp:featuredmedia":[{"embeddable":true,"href":"https:\/\/kingarms.ee\/fi\/wp-json\/wp\/v2\/media\/66524"}],"wp:attachment":[{"href":"https:\/\/kingarms.ee\/fi\/wp-json\/wp\/v2\/media?parent=67433"}],"wp:term":[{"taxonomy":"product_brand","embeddable":true,"href":"https:\/\/kingarms.ee\/fi\/wp-json\/wp\/v2\/product_brand?post=67433"},{"taxonomy":"product_cat","embeddable":true,"href":"https:\/\/kingarms.ee\/fi\/wp-json\/wp\/v2\/product_cat?post=67433"},{"taxonomy":"product_tag","embeddable":true,"href":"https:\/\/kingarms.ee\/fi\/wp-json\/wp\/v2\/product_tag?post=67433"}],"curies":[{"name":"wp","href":"https:\/\/api.w.org\/{rel}","templated":true}]}}