{"id":67476,"date":"2022-11-14T16:48:58","date_gmt":"2022-11-14T14:56:25","guid":{"rendered":"https:\/\/kingarms.ee\/product\/pyoriva-pistoolin-lippaanpidike-wosport\/"},"modified":"2025-03-02T17:53:31","modified_gmt":"2025-03-02T14:53:31","slug":"pyoriva-pistooliasepidike-wosport","status":"publish","type":"product","link":"https:\/\/kingarms.ee\/fi\/product\/pyoriva-pistooliasepidike-wosport\/","title":{"rendered":"Py\u00f6riv\u00e4 pistoolin lippaan pidike urheilussa"},"content":{"rendered":"","protected":false},"excerpt":{"rendered":"<p>Py\u00f6riv\u00e4 pistoolin lippaan pidike urheilussa<\/p>\n<p>Pistoolin lippaan pidike<br \/>\n360\u00b0 kierto<br \/>\nsopii enint\u00e4\u00e4n 1,5 tuuman vy\u00f6h\u00f6n<br \/>\nsopii 1911, g17, px4, xdm sarjan pistoolien lippaisiin.<br \/>\nsek\u00e4 vy\u00f6kiinnitys ett\u00e4 lippaan kiinnitys voidaan s\u00e4\u00e4t\u00e4\u00e4<\/p>\n","protected":false},"featured_media":66536,"template":"","meta":{"_acf_changed":false},"product_brand":[],"product_cat":[899,264],"product_tag":[],"class_list":{"0":"post-67476","1":"product","2":"type-product","3":"status-publish","4":"has-post-thumbnail","6":"product_cat-sailytystaskut","7":"product_cat-taskut-laukut-vyot","9":"first","10":"instock","11":"sale","12":"purchasable","13":"product-type-simple"},"acf":[],"_links":{"self":[{"href":"https:\/\/kingarms.ee\/fi\/wp-json\/wp\/v2\/product\/67476","targetHints":{"allow":["GET"]}}],"collection":[{"href":"https:\/\/kingarms.ee\/fi\/wp-json\/wp\/v2\/product"}],"about":[{"href":"https:\/\/kingarms.ee\/fi\/wp-json\/wp\/v2\/types\/product"}],"wp:featuredmedia":[{"embeddable":true,"href":"https:\/\/kingarms.ee\/fi\/wp-json\/wp\/v2\/media\/66536"}],"wp:attachment":[{"href":"https:\/\/kingarms.ee\/fi\/wp-json\/wp\/v2\/media?parent=67476"}],"wp:term":[{"taxonomy":"product_brand","embeddable":true,"href":"https:\/\/kingarms.ee\/fi\/wp-json\/wp\/v2\/product_brand?post=67476"},{"taxonomy":"product_cat","embeddable":true,"href":"https:\/\/kingarms.ee\/fi\/wp-json\/wp\/v2\/product_cat?post=67476"},{"taxonomy":"product_tag","embeddable":true,"href":"https:\/\/kingarms.ee\/fi\/wp-json\/wp\/v2\/product_tag?post=67476"}],"curies":[{"name":"wp","href":"https:\/\/api.w.org\/{rel}","templated":true}]}}