{"id":67486,"date":"2022-11-14T16:49:08","date_gmt":"2022-11-14T14:56:38","guid":{"rendered":"https:\/\/kingarms.ee\/product\/multi-reticle-red-dot-aim-o\/"},"modified":"2024-08-07T19:30:19","modified_gmt":"2024-08-07T16:30:19","slug":"multi-reticle-red-dot-aim-o-2","status":"publish","type":"product","link":"https:\/\/kingarms.ee\/fi\/product\/multi-reticle-red-dot-aim-o-2\/","title":{"rendered":"Multi-reticle Red Dot  [aim-o]"},"content":{"rendered":"","protected":false},"excerpt":{"rendered":"<p>Multi-reticle punainen piste<br \/>\n4 erilaista verkkokalvoa<br \/>\npunainen tai vihre\u00e4 valo 5 voimakkuusasteella<br \/>\nt\u00e4ysmetalli<br \/>\ns\u00e4\u00e4dett\u00e4v\u00e4 kallistus ja korkeus<br \/>\nkiinnitys tavallisille 20mm kiskoille<br \/>\nsuojakorkki mukana<br \/>\nvirtal\u00e4hteen\u00e4 1x cr2032 paristo (ei sis\u00e4lly)<br \/>\nmitat 80mm x 30mm x 55mm<br \/>\npaino 110g<\/p>\n","protected":false},"featured_media":66492,"template":"","meta":{"_acf_changed":false},"product_brand":[],"product_cat":[649],"product_tag":[],"class_list":{"0":"post-67486","1":"product","2":"type-product","3":"status-publish","4":"has-post-thumbnail","6":"product_cat-ottelut","8":"first","9":"instock","10":"purchasable","11":"product-type-simple"},"acf":[],"_links":{"self":[{"href":"https:\/\/kingarms.ee\/fi\/wp-json\/wp\/v2\/product\/67486","targetHints":{"allow":["GET"]}}],"collection":[{"href":"https:\/\/kingarms.ee\/fi\/wp-json\/wp\/v2\/product"}],"about":[{"href":"https:\/\/kingarms.ee\/fi\/wp-json\/wp\/v2\/types\/product"}],"wp:featuredmedia":[{"embeddable":true,"href":"https:\/\/kingarms.ee\/fi\/wp-json\/wp\/v2\/media\/66492"}],"wp:attachment":[{"href":"https:\/\/kingarms.ee\/fi\/wp-json\/wp\/v2\/media?parent=67486"}],"wp:term":[{"taxonomy":"product_brand","embeddable":true,"href":"https:\/\/kingarms.ee\/fi\/wp-json\/wp\/v2\/product_brand?post=67486"},{"taxonomy":"product_cat","embeddable":true,"href":"https:\/\/kingarms.ee\/fi\/wp-json\/wp\/v2\/product_cat?post=67486"},{"taxonomy":"product_tag","embeddable":true,"href":"https:\/\/kingarms.ee\/fi\/wp-json\/wp\/v2\/product_tag?post=67486"}],"curies":[{"name":"wp","href":"https:\/\/api.w.org\/{rel}","templated":true}]}}