{"id":67504,"date":"2022-11-14T16:48:32","date_gmt":"2022-11-14T14:57:28","guid":{"rendered":"https:\/\/kingarms.ee\/product\/taistelupaita-e4emersongear\/"},"modified":"2024-08-08T11:03:26","modified_gmt":"2024-08-08T08:03:26","slug":"taistelu-paita-e4emersongear","status":"publish","type":"product","link":"https:\/\/kingarms.ee\/fi\/product\/taistelu-paita-e4emersongear\/","title":{"rendered":"Taistelupaita E4[emersongear]"},"content":{"rendered":"","protected":false},"excerpt":{"rendered":"<p>Uusi e4-teknologia<br \/>\nmateriaalit: puuvilla, polyesteri ja elastaani.<br \/>\nkaulan sulkeminen vetoketjulla<br \/>\n1 tasku vetoketjulla ja koukku- ja tarranauhapaneeli yhdell\u00e4 hihalla.<br \/>\ns\u00e4\u00e4dett\u00e4v\u00e4t hihansuut koukulla ja silmukalla<\/p>\n","protected":false},"featured_media":94911,"template":"","meta":{"_acf_changed":false},"product_brand":[],"product_cat":[643],"product_tag":[],"class_list":{"0":"post-67504","1":"product","2":"type-product","3":"status-publish","4":"has-post-thumbnail","6":"product_cat-puserot-paidat","8":"first","9":"instock","10":"purchasable","11":"product-type-variable","12":"has-default-attributes"},"acf":[],"_links":{"self":[{"href":"https:\/\/kingarms.ee\/fi\/wp-json\/wp\/v2\/product\/67504","targetHints":{"allow":["GET"]}}],"collection":[{"href":"https:\/\/kingarms.ee\/fi\/wp-json\/wp\/v2\/product"}],"about":[{"href":"https:\/\/kingarms.ee\/fi\/wp-json\/wp\/v2\/types\/product"}],"wp:featuredmedia":[{"embeddable":true,"href":"https:\/\/kingarms.ee\/fi\/wp-json\/wp\/v2\/media\/94911"}],"wp:attachment":[{"href":"https:\/\/kingarms.ee\/fi\/wp-json\/wp\/v2\/media?parent=67504"}],"wp:term":[{"taxonomy":"product_brand","embeddable":true,"href":"https:\/\/kingarms.ee\/fi\/wp-json\/wp\/v2\/product_brand?post=67504"},{"taxonomy":"product_cat","embeddable":true,"href":"https:\/\/kingarms.ee\/fi\/wp-json\/wp\/v2\/product_cat?post=67504"},{"taxonomy":"product_tag","embeddable":true,"href":"https:\/\/kingarms.ee\/fi\/wp-json\/wp\/v2\/product_tag?post=67504"}],"curies":[{"name":"wp","href":"https:\/\/api.w.org\/{rel}","templated":true}]}}