{"id":67748,"date":"2022-11-21T16:13:33","date_gmt":"2022-11-21T13:21:31","guid":{"rendered":"https:\/\/kingarms.ee\/product\/takki-multicam-js-tactical\/"},"modified":"2024-08-07T19:11:17","modified_gmt":"2024-08-07T16:11:17","slug":"takki-multicam-js-taktinen","status":"publish","type":"product","link":"https:\/\/kingarms.ee\/fi\/product\/takki-multicam-js-taktinen\/","title":{"rendered":"Takki Multicam  [Js-Tactical]"},"content":{"rendered":"","protected":false},"excerpt":{"rendered":"<p>Softshell-takki.<br \/>\nSHARK SKIN -malli.<br \/>\nVersio, jossa on pehmoinen sisustus.<br \/>\nTuulen- ja vedenpit\u00e4v\u00e4 k\u00e4sittely.<br \/>\n100% polyesterikuitua.<br \/>\nPiilotettu huppu.<br \/>\nVetoketju.<br \/>\n2 etutaskua.<br \/>\n1 kaksoisaukollinen takatasku.<br \/>\nTasku ja tarranauha kummassakin hihassa.<br \/>\nS\u00e4\u00e4dett\u00e4v\u00e4 hihansuu.<br \/>\nIlmanvaihtoaukot sivuilla.<\/p>\n","protected":false},"featured_media":67703,"template":"","meta":{"_acf_changed":false},"product_brand":[],"product_cat":[642],"product_tag":[],"class_list":{"0":"post-67748","1":"product","2":"type-product","3":"status-publish","4":"has-post-thumbnail","6":"product_cat-joped-fi","8":"first","9":"instock","10":"sale","11":"taxable","12":"shipping-taxable","13":"purchasable","14":"product-type-simple"},"acf":[],"_links":{"self":[{"href":"https:\/\/kingarms.ee\/fi\/wp-json\/wp\/v2\/product\/67748","targetHints":{"allow":["GET"]}}],"collection":[{"href":"https:\/\/kingarms.ee\/fi\/wp-json\/wp\/v2\/product"}],"about":[{"href":"https:\/\/kingarms.ee\/fi\/wp-json\/wp\/v2\/types\/product"}],"wp:featuredmedia":[{"embeddable":true,"href":"https:\/\/kingarms.ee\/fi\/wp-json\/wp\/v2\/media\/67703"}],"wp:attachment":[{"href":"https:\/\/kingarms.ee\/fi\/wp-json\/wp\/v2\/media?parent=67748"}],"wp:term":[{"taxonomy":"product_brand","embeddable":true,"href":"https:\/\/kingarms.ee\/fi\/wp-json\/wp\/v2\/product_brand?post=67748"},{"taxonomy":"product_cat","embeddable":true,"href":"https:\/\/kingarms.ee\/fi\/wp-json\/wp\/v2\/product_cat?post=67748"},{"taxonomy":"product_tag","embeddable":true,"href":"https:\/\/kingarms.ee\/fi\/wp-json\/wp\/v2\/product_tag?post=67748"}],"curies":[{"name":"wp","href":"https:\/\/api.w.org\/{rel}","templated":true}]}}