{"id":68358,"date":"2022-11-28T18:52:07","date_gmt":"2022-11-28T16:07:23","guid":{"rendered":"https:\/\/kingarms.ee\/product\/e02r-led-taskulamppu-fenix\/"},"modified":"2024-08-07T17:41:18","modified_gmt":"2024-08-07T14:41:18","slug":"e02r-led-taskulamppu-fenix","status":"publish","type":"product","link":"https:\/\/kingarms.ee\/fi\/product\/e02r-led-taskulamppu-fenix\/","title":{"rendered":"E02R LED-taskulamppu  [Fenix]"},"content":{"rendered":"","protected":false},"excerpt":{"rendered":"<p>E02R LED<\/p>\n<p>Fenix E02R on taskukokoinen EDC-taskulamppu riipuksen muodossa, joka l\u00e4hett\u00e4\u00e4 200 lumenin s\u00e4teen, jonka kantama on jopa 49 m ja joka on varustettu integroidulla ladattavalla akulla ja USB-C-latausportilla.<\/p>\n<p>Fenix EO2R -taskulampun t\u00e4rkeimm\u00e4t ominaisuudet:<br \/>\nTehokas Cree XP-G2 S3 LED, jonka k\u00e4ytt\u00f6ik\u00e4 on 50000 tuntia,<br \/>\nIntegroitu litium-polymeeriakku, jonka kapasiteetti on 120 mAh,<br \/>\nmikro-USB-latausliit\u00e4nt\u00e4,<br \/>\np\u00e4\u00e4lle\/pois p\u00e4\u00e4h\u00e4n py\u00f6ritt\u00e4m\u00e4ll\u00e4 p\u00e4\u00e4t\u00e4,<br \/>\nkorkean valonl\u00e4p\u00e4isykyvyn omaava linssi, jossa on heijastamaton pinnoite,<br \/>\nA6061-T6 alumiinirunko,<br \/>\nkulutusta kest\u00e4v\u00e4 HAIII (kova) anodisointi.<\/p>\n","protected":false},"featured_media":68150,"template":"","meta":{"_acf_changed":false},"product_brand":[],"product_cat":[273],"product_tag":[],"class_list":{"0":"post-68358","1":"product","2":"type-product","3":"status-publish","4":"has-post-thumbnail","6":"product_cat-valaisimet","8":"first","9":"instock","10":"purchasable","11":"product-type-simple"},"acf":[],"_links":{"self":[{"href":"https:\/\/kingarms.ee\/fi\/wp-json\/wp\/v2\/product\/68358","targetHints":{"allow":["GET"]}}],"collection":[{"href":"https:\/\/kingarms.ee\/fi\/wp-json\/wp\/v2\/product"}],"about":[{"href":"https:\/\/kingarms.ee\/fi\/wp-json\/wp\/v2\/types\/product"}],"wp:featuredmedia":[{"embeddable":true,"href":"https:\/\/kingarms.ee\/fi\/wp-json\/wp\/v2\/media\/68150"}],"wp:attachment":[{"href":"https:\/\/kingarms.ee\/fi\/wp-json\/wp\/v2\/media?parent=68358"}],"wp:term":[{"taxonomy":"product_brand","embeddable":true,"href":"https:\/\/kingarms.ee\/fi\/wp-json\/wp\/v2\/product_brand?post=68358"},{"taxonomy":"product_cat","embeddable":true,"href":"https:\/\/kingarms.ee\/fi\/wp-json\/wp\/v2\/product_cat?post=68358"},{"taxonomy":"product_tag","embeddable":true,"href":"https:\/\/kingarms.ee\/fi\/wp-json\/wp\/v2\/product_tag?post=68358"}],"curies":[{"name":"wp","href":"https:\/\/api.w.org\/{rel}","templated":true}]}}