{"id":68364,"date":"2022-11-28T18:52:07","date_gmt":"2022-11-28T16:07:25","guid":{"rendered":"https:\/\/kingarms.ee\/product\/e12-v2-0-led-taskulamppu-fenix\/"},"modified":"2024-08-07T17:43:28","modified_gmt":"2024-08-07T14:43:28","slug":"e12-v2-0-led-flashlight-fenix-2","status":"publish","type":"product","link":"https:\/\/kingarms.ee\/fi\/product\/e12-v2-0-led-flashlight-fenix-2\/","title":{"rendered":"E12 V2.0 LED-taskulamppu  [Fenix]"},"content":{"rendered":"","protected":false},"excerpt":{"rendered":"<p>Fenix<\/p>\n<p>Fenix E12 V2.0 on taskukokoinen EDC-taskulamppu, joka p\u00e4ivitysten j\u00e4lkeen tuottaa 160 lumenia, siin\u00e4 on 3 valotilaa, pidempi kantama, kaksiasentoinen klipsi ja kustannustehokas ohjain, jossa ei ole valmiusvirtaa.<\/p>\n<p>Merkitt\u00e4vi\u00e4 muutoksia:<br \/>\nUusi Match CA18 LED vahvemmalla valoteholla,<br \/>\npidempi kantama &#8211; jopa 68 m,<br \/>\npidempi k\u00e4ytt\u00f6aika &#8211; jopa 70 tuntia,<br \/>\n3 toimintatilaa,<br \/>\nkollimointilinssi,<br \/>\npienempi koko,<br \/>\nkevyempi muotoilu,<br \/>\nkustannustehokas ohjain, jossa ei ole valmiustilavirtaa,<br \/>\nkaksiasentoinen pidike.<\/p>\n","protected":false},"featured_media":68138,"template":"","meta":{"_acf_changed":false},"product_brand":[],"product_cat":[273],"product_tag":[],"class_list":{"0":"post-68364","1":"product","2":"type-product","3":"status-publish","4":"has-post-thumbnail","6":"product_cat-valaisimet","8":"first","9":"instock","10":"purchasable","11":"product-type-simple"},"acf":[],"_links":{"self":[{"href":"https:\/\/kingarms.ee\/fi\/wp-json\/wp\/v2\/product\/68364","targetHints":{"allow":["GET"]}}],"collection":[{"href":"https:\/\/kingarms.ee\/fi\/wp-json\/wp\/v2\/product"}],"about":[{"href":"https:\/\/kingarms.ee\/fi\/wp-json\/wp\/v2\/types\/product"}],"wp:featuredmedia":[{"embeddable":true,"href":"https:\/\/kingarms.ee\/fi\/wp-json\/wp\/v2\/media\/68138"}],"wp:attachment":[{"href":"https:\/\/kingarms.ee\/fi\/wp-json\/wp\/v2\/media?parent=68364"}],"wp:term":[{"taxonomy":"product_brand","embeddable":true,"href":"https:\/\/kingarms.ee\/fi\/wp-json\/wp\/v2\/product_brand?post=68364"},{"taxonomy":"product_cat","embeddable":true,"href":"https:\/\/kingarms.ee\/fi\/wp-json\/wp\/v2\/product_cat?post=68364"},{"taxonomy":"product_tag","embeddable":true,"href":"https:\/\/kingarms.ee\/fi\/wp-json\/wp\/v2\/product_tag?post=68364"}],"curies":[{"name":"wp","href":"https:\/\/api.w.org\/{rel}","templated":true}]}}