{"id":68395,"date":"2022-11-28T18:52:07","date_gmt":"2022-11-28T16:08:21","guid":{"rendered":"https:\/\/kingarms.ee\/product\/hm23-led-taskulamppu-otsalamppu-fenix\/"},"modified":"2024-08-07T17:47:07","modified_gmt":"2024-08-07T14:47:07","slug":"hm23-led-taskulamppu-otsalamppu-fenix","status":"publish","type":"product","link":"https:\/\/kingarms.ee\/fi\/product\/hm23-led-taskulamppu-otsalamppu-fenix\/","title":{"rendered":"HM23 LED-taskulamppu &#8211; otsalamppu  [Fenix]"},"content":{"rendered":"","protected":false},"excerpt":{"rendered":"<p>HM23 LED-taskulamppu &#8211; otsalamppu [Fenix]<\/p>\n<p>Fenix HM23 on vain 43 grammaa painava otsalamppu, jonka tehokas valoteho on 240 lumenia ja yleisesti saatavilla oleva virtal\u00e4hde AA-paristojen muodossa.<\/p>\n<p>Fenix HM23 on taskullinen edc-otsalamppu, joka suorituskykyns\u00e4 ja toiminnallisuutensa ansiosta osoittautuu hy\u00f6dylliseksi kaikkialla, miss\u00e4 tarvitsemme tehokasta valaistusta ja vapaita k\u00e4si\u00e4 ty\u00f6h\u00f6n.<\/p>\n<p>Taskulamppu k\u00e4ytt\u00e4\u00e4 Cree LEDi\u00e4, jonka neutraali valon v\u00e4ri ei v\u00e4syt\u00e4 silmi\u00e4, ja valaistut kohteet heijastavat paremmin niiden v\u00e4rej\u00e4 ja yksityiskohtia. T\u00e4m\u00e4ntyyppinen valaisin valitaan useimmiten ty\u00f6h\u00f6n, matkustamiseen ja jokap\u00e4iv\u00e4iseen k\u00e4ytt\u00f6\u00f6n.<\/p>\n","protected":false},"featured_media":68094,"template":"","meta":{"_acf_changed":false},"product_brand":[],"product_cat":[678],"product_tag":[],"class_list":{"0":"post-68395","1":"product","2":"type-product","3":"status-publish","4":"has-post-thumbnail","6":"product_cat-ajovalot","8":"first","9":"instock","10":"purchasable","11":"product-type-simple"},"acf":[],"_links":{"self":[{"href":"https:\/\/kingarms.ee\/fi\/wp-json\/wp\/v2\/product\/68395","targetHints":{"allow":["GET"]}}],"collection":[{"href":"https:\/\/kingarms.ee\/fi\/wp-json\/wp\/v2\/product"}],"about":[{"href":"https:\/\/kingarms.ee\/fi\/wp-json\/wp\/v2\/types\/product"}],"wp:featuredmedia":[{"embeddable":true,"href":"https:\/\/kingarms.ee\/fi\/wp-json\/wp\/v2\/media\/68094"}],"wp:attachment":[{"href":"https:\/\/kingarms.ee\/fi\/wp-json\/wp\/v2\/media?parent=68395"}],"wp:term":[{"taxonomy":"product_brand","embeddable":true,"href":"https:\/\/kingarms.ee\/fi\/wp-json\/wp\/v2\/product_brand?post=68395"},{"taxonomy":"product_cat","embeddable":true,"href":"https:\/\/kingarms.ee\/fi\/wp-json\/wp\/v2\/product_cat?post=68395"},{"taxonomy":"product_tag","embeddable":true,"href":"https:\/\/kingarms.ee\/fi\/wp-json\/wp\/v2\/product_tag?post=68395"}],"curies":[{"name":"wp","href":"https:\/\/api.w.org\/{rel}","templated":true}]}}