{"id":68398,"date":"2022-11-28T18:51:56","date_gmt":"2022-11-28T16:08:21","guid":{"rendered":"https:\/\/kingarms.ee\/product\/paristo-lr9-everactive\/"},"modified":"2024-08-07T19:01:18","modified_gmt":"2024-08-07T16:01:18","slug":"akku-lr9-everactive","status":"publish","type":"product","link":"https:\/\/kingarms.ee\/fi\/product\/akku-lr9-everactive\/","title":{"rendered":"Paristo LR9  [everActive]"},"content":{"rendered":"","protected":false},"excerpt":{"rendered":"<p>EverActive LR9 \/ 6LR61 (9V 1kpl) alkaliparisto, jonka mitat ovat 25,5 x 17 x 48 mm, on luotettava AA-sormiparisto.<br \/>\nKorkean laatunsa ansiosta akku soveltuu sek\u00e4 jokap\u00e4iv\u00e4iseen ett\u00e4 ammattik\u00e4ytt\u00f6\u00f6n.<\/p>\n","protected":false},"featured_media":68302,"template":"","meta":{"_acf_changed":false},"product_brand":[],"product_cat":[655],"product_tag":[],"class_list":{"0":"post-68398","1":"product","2":"type-product","3":"status-publish","4":"has-post-thumbnail","6":"product_cat-paristot-fi","8":"first","9":"instock","10":"purchasable","11":"product-type-simple"},"acf":[],"_links":{"self":[{"href":"https:\/\/kingarms.ee\/fi\/wp-json\/wp\/v2\/product\/68398","targetHints":{"allow":["GET"]}}],"collection":[{"href":"https:\/\/kingarms.ee\/fi\/wp-json\/wp\/v2\/product"}],"about":[{"href":"https:\/\/kingarms.ee\/fi\/wp-json\/wp\/v2\/types\/product"}],"wp:featuredmedia":[{"embeddable":true,"href":"https:\/\/kingarms.ee\/fi\/wp-json\/wp\/v2\/media\/68302"}],"wp:attachment":[{"href":"https:\/\/kingarms.ee\/fi\/wp-json\/wp\/v2\/media?parent=68398"}],"wp:term":[{"taxonomy":"product_brand","embeddable":true,"href":"https:\/\/kingarms.ee\/fi\/wp-json\/wp\/v2\/product_brand?post=68398"},{"taxonomy":"product_cat","embeddable":true,"href":"https:\/\/kingarms.ee\/fi\/wp-json\/wp\/v2\/product_cat?post=68398"},{"taxonomy":"product_tag","embeddable":true,"href":"https:\/\/kingarms.ee\/fi\/wp-json\/wp\/v2\/product_tag?post=68398"}],"curies":[{"name":"wp","href":"https:\/\/api.w.org\/{rel}","templated":true}]}}