{"id":68400,"date":"2022-11-28T18:51:56","date_gmt":"2022-11-28T16:08:21","guid":{"rendered":"https:\/\/kingarms.ee\/product\/matkustusliesi-esbit\/"},"modified":"2024-08-07T19:02:02","modified_gmt":"2024-08-07T16:02:02","slug":"travel-stove-esbit-4","status":"publish","type":"product","link":"https:\/\/kingarms.ee\/fi\/product\/travel-stove-esbit-4\/","title":{"rendered":"Matkustusliesi  [Esbit]"},"content":{"rendered":"","protected":false},"excerpt":{"rendered":"<p>Matkustusliesi [Esbit]<\/p>\n<p>Se on valmistettu galvanoidusta ter\u00e4ksest\u00e4. Galvanisointiprosessi takaa sen kest\u00e4vyyden korroosiota ja muita ter\u00e4st\u00e4 tuhoavia tekij\u00f6it\u00e4 vastaan.<br \/>\nSen rakenteen ansiosta voit s\u00e4ilytt\u00e4\u00e4 sopivia polttoainepatruunoita kootun kiukaan sis\u00e4ll\u00e4. Lis\u00e4ksi se on suunniteltu siten, ett\u00e4 se muodostaa er\u00e4\u00e4nlaisen tuulisuojan, kun sein\u00e4t ovat auki.<\/p>\n","protected":false},"featured_media":68298,"template":"","meta":{"_acf_changed":false},"product_brand":[],"product_cat":[352],"product_tag":[],"class_list":{"0":"post-68400","1":"product","2":"type-product","3":"status-publish","4":"has-post-thumbnail","6":"product_cat-matkatavarat","8":"first","9":"instock","10":"purchasable","11":"product-type-simple"},"acf":[],"_links":{"self":[{"href":"https:\/\/kingarms.ee\/fi\/wp-json\/wp\/v2\/product\/68400","targetHints":{"allow":["GET"]}}],"collection":[{"href":"https:\/\/kingarms.ee\/fi\/wp-json\/wp\/v2\/product"}],"about":[{"href":"https:\/\/kingarms.ee\/fi\/wp-json\/wp\/v2\/types\/product"}],"wp:featuredmedia":[{"embeddable":true,"href":"https:\/\/kingarms.ee\/fi\/wp-json\/wp\/v2\/media\/68298"}],"wp:attachment":[{"href":"https:\/\/kingarms.ee\/fi\/wp-json\/wp\/v2\/media?parent=68400"}],"wp:term":[{"taxonomy":"product_brand","embeddable":true,"href":"https:\/\/kingarms.ee\/fi\/wp-json\/wp\/v2\/product_brand?post=68400"},{"taxonomy":"product_cat","embeddable":true,"href":"https:\/\/kingarms.ee\/fi\/wp-json\/wp\/v2\/product_cat?post=68400"},{"taxonomy":"product_tag","embeddable":true,"href":"https:\/\/kingarms.ee\/fi\/wp-json\/wp\/v2\/product_tag?post=68400"}],"curies":[{"name":"wp","href":"https:\/\/api.w.org\/{rel}","templated":true}]}}