{"id":68413,"date":"2022-11-28T18:52:07","date_gmt":"2022-11-28T16:08:28","guid":{"rendered":"https:\/\/kingarms.ee\/product\/g202-b-monitoimityokalu-monitoimityokalu-tyokalu-ganzo\/"},"modified":"2024-08-07T17:49:20","modified_gmt":"2024-08-07T14:49:20","slug":"g202-b-multityokalu-multityokalu-tyokalu-ganzo","status":"publish","type":"product","link":"https:\/\/kingarms.ee\/fi\/product\/g202-b-multityokalu-multityokalu-tyokalu-ganzo\/","title":{"rendered":"G202-B monitoimity\u00f6kalu monitoimity\u00f6kalu ty\u00f6kalu  [Ganzo]"},"content":{"rendered":"","protected":false},"excerpt":{"rendered":"<p>Monitoimity\u00f6kalun toiminnot ja ty\u00f6kalut:<br \/>\nJousikuormitteiset pihdit,<br \/>\nlankaleikkuri,<br \/>\nsuuri sile\u00e4 ter\u00e4,<br \/>\nsuuri sahalaitainen ter\u00e4,<br \/>\npuusaha,<br \/>\nsakset,<br \/>\npullonavaaja,<br \/>\nt\u00f6lkinavaaja,<br \/>\nlitte\u00e4 ruuvimeisseli,<br \/>\nter\u00e4v\u00e4k\u00e4rkinen nuija,<br \/>\nbitin asetusvarsi,<br \/>\n5 kuusiokoloavainta,<br \/>\n3 litte\u00e4\u00e4 bitti\u00e4,<br \/>\n3 Phillips-piikki\u00e4.<\/p>\n","protected":false},"featured_media":68026,"template":"","meta":{"_acf_changed":false},"product_brand":[],"product_cat":[270,662,661],"product_tag":[],"class_list":{"0":"post-68413","1":"product","2":"type-product","3":"status-publish","4":"has-post-thumbnail","6":"product_cat-veitset","7":"product_cat-noad-fi","8":"product_cat-matkanoad-fi","10":"first","11":"instock","12":"purchasable","13":"product-type-simple"},"acf":[],"_links":{"self":[{"href":"https:\/\/kingarms.ee\/fi\/wp-json\/wp\/v2\/product\/68413","targetHints":{"allow":["GET"]}}],"collection":[{"href":"https:\/\/kingarms.ee\/fi\/wp-json\/wp\/v2\/product"}],"about":[{"href":"https:\/\/kingarms.ee\/fi\/wp-json\/wp\/v2\/types\/product"}],"wp:featuredmedia":[{"embeddable":true,"href":"https:\/\/kingarms.ee\/fi\/wp-json\/wp\/v2\/media\/68026"}],"wp:attachment":[{"href":"https:\/\/kingarms.ee\/fi\/wp-json\/wp\/v2\/media?parent=68413"}],"wp:term":[{"taxonomy":"product_brand","embeddable":true,"href":"https:\/\/kingarms.ee\/fi\/wp-json\/wp\/v2\/product_brand?post=68413"},{"taxonomy":"product_cat","embeddable":true,"href":"https:\/\/kingarms.ee\/fi\/wp-json\/wp\/v2\/product_cat?post=68413"},{"taxonomy":"product_tag","embeddable":true,"href":"https:\/\/kingarms.ee\/fi\/wp-json\/wp\/v2\/product_tag?post=68413"}],"curies":[{"name":"wp","href":"https:\/\/api.w.org\/{rel}","templated":true}]}}