{"id":68426,"date":"2022-11-28T18:52:07","date_gmt":"2022-11-28T16:08:52","guid":{"rendered":"https:\/\/kingarms.ee\/product\/ballistiset-suojalasit-swisseye\/"},"modified":"2024-08-07T17:50:46","modified_gmt":"2024-08-07T14:50:46","slug":"ballistiset-suojalasit-swisseye-2","status":"publish","type":"product","link":"https:\/\/kingarms.ee\/fi\/product\/ballistiset-suojalasit-swisseye-2\/","title":{"rendered":"Ballistiset suojalasit  [SwissEye]"},"content":{"rendered":"","protected":false},"excerpt":{"rendered":"<p>Swiss Eye Nighthawk on saksalaisen valmistajan ballististen silm\u00e4lasien lippulaivamalli, joka on suunniteltu k\u00e4ytt\u00e4j\u00e4ns\u00e4 maksimaaliseen ja luotettavaan suojaukseen kaikissa tilanteissa. Se on jo vuosien ajan ollut todistetusti univormupalvelujen valinta ymp\u00e4ri maailmaa.<\/p>\n<p>Runko on valmistettu eritt\u00e4in kevyest\u00e4 ja kest\u00e4v\u00e4st\u00e4 polykarbonaatista, joka kest\u00e4\u00e4 taivutusta ja sirpaleiden iskuja. Liukumattomat insertit nen\u00e4tyynyss\u00e4 ja ohimoilla sek\u00e4 niiden anatominen muoto takaavat hyv\u00e4n istuvuuden ja t\u00e4yden k\u00e4ytt\u00f6mukavuuden. Mukana on my\u00f6s kolme polykarbonaattivisiiri\u00e4, joiden sis\u00e4puolella on huurtumisenestopinnoite, joka parantaa suojaa huurtumista vastaan. Ulkopuolella on pinnoite, joka v\u00e4hent\u00e4\u00e4 pinnan naarmuja. Visiirit suojaavat UV-, UVB- ja UVC-s\u00e4teilylt\u00e4 sek\u00e4 STANAG 2920 -standardin mukaiselta ballistiselta suojalta.<\/p>\n","protected":false},"featured_media":68006,"template":"","meta":{"_acf_changed":false},"product_brand":[],"product_cat":[636],"product_tag":[],"class_list":{"0":"post-68426","1":"product","2":"type-product","3":"status-publish","4":"has-post-thumbnail","6":"product_cat-ballistiset-silmalasit","8":"first","9":"instock","10":"purchasable","11":"product-type-simple"},"acf":[],"_links":{"self":[{"href":"https:\/\/kingarms.ee\/fi\/wp-json\/wp\/v2\/product\/68426","targetHints":{"allow":["GET"]}}],"collection":[{"href":"https:\/\/kingarms.ee\/fi\/wp-json\/wp\/v2\/product"}],"about":[{"href":"https:\/\/kingarms.ee\/fi\/wp-json\/wp\/v2\/types\/product"}],"wp:featuredmedia":[{"embeddable":true,"href":"https:\/\/kingarms.ee\/fi\/wp-json\/wp\/v2\/media\/68006"}],"wp:attachment":[{"href":"https:\/\/kingarms.ee\/fi\/wp-json\/wp\/v2\/media?parent=68426"}],"wp:term":[{"taxonomy":"product_brand","embeddable":true,"href":"https:\/\/kingarms.ee\/fi\/wp-json\/wp\/v2\/product_brand?post=68426"},{"taxonomy":"product_cat","embeddable":true,"href":"https:\/\/kingarms.ee\/fi\/wp-json\/wp\/v2\/product_cat?post=68426"},{"taxonomy":"product_tag","embeddable":true,"href":"https:\/\/kingarms.ee\/fi\/wp-json\/wp\/v2\/product_tag?post=68426"}],"curies":[{"name":"wp","href":"https:\/\/api.w.org\/{rel}","templated":true}]}}