{"id":68434,"date":"2022-11-28T18:52:07","date_gmt":"2022-11-28T16:08:55","guid":{"rendered":"https:\/\/kingarms.ee\/product\/ballistiset-suojalasit-swisseye\/"},"modified":"2024-08-07T17:51:31","modified_gmt":"2024-08-07T14:51:31","slug":"ballistiset-suojalasit-swisseye","status":"publish","type":"product","link":"https:\/\/kingarms.ee\/fi\/product\/ballistiset-suojalasit-swisseye\/","title":{"rendered":"Ballistiset suojalasit  [SwissEye]"},"content":{"rendered":"","protected":false},"excerpt":{"rendered":"<p>Nykyaikaiset taktiset silm\u00e4lasit, ammattilaismalli. Alkuper\u00e4inen tuote tuotemerkin SWISSEYE\u00ae TACTICAL-linjasta takaa valmistuksen sotilaallisten eritelmien mukaisesti &#8211; takaa korkeimman laadun.Arvostettu univormuihin pukeutuneissa yksik\u00f6iss\u00e4 ymp\u00e4ri maailmaa sek\u00e4 Puolassa.<\/p>\n<p>Mukautettu mustalle ja vihre\u00e4lle taktiselle. Kest\u00e4v\u00e4t polykarbonaattituulilasit suojaavat silmi\u00e4 vammoilta, auringolta, p\u00f6lylt\u00e4 ja tuulelta.<\/p>\n<p>Laajakulmavisiirit eiv\u00e4t kavenna n\u00e4k\u00f6kentt\u00e4\u00e4 ja takaavat t\u00e4yden n\u00e4kyvyyden.<\/p>\n","protected":false},"featured_media":68014,"template":"","meta":{"_acf_changed":false},"product_brand":[],"product_cat":[636],"product_tag":[],"class_list":{"0":"post-68434","1":"product","2":"type-product","3":"status-publish","4":"has-post-thumbnail","6":"product_cat-ballistiset-silmalasit","8":"first","9":"instock","10":"purchasable","11":"product-type-simple"},"acf":[],"_links":{"self":[{"href":"https:\/\/kingarms.ee\/fi\/wp-json\/wp\/v2\/product\/68434","targetHints":{"allow":["GET"]}}],"collection":[{"href":"https:\/\/kingarms.ee\/fi\/wp-json\/wp\/v2\/product"}],"about":[{"href":"https:\/\/kingarms.ee\/fi\/wp-json\/wp\/v2\/types\/product"}],"wp:featuredmedia":[{"embeddable":true,"href":"https:\/\/kingarms.ee\/fi\/wp-json\/wp\/v2\/media\/68014"}],"wp:attachment":[{"href":"https:\/\/kingarms.ee\/fi\/wp-json\/wp\/v2\/media?parent=68434"}],"wp:term":[{"taxonomy":"product_brand","embeddable":true,"href":"https:\/\/kingarms.ee\/fi\/wp-json\/wp\/v2\/product_brand?post=68434"},{"taxonomy":"product_cat","embeddable":true,"href":"https:\/\/kingarms.ee\/fi\/wp-json\/wp\/v2\/product_cat?post=68434"},{"taxonomy":"product_tag","embeddable":true,"href":"https:\/\/kingarms.ee\/fi\/wp-json\/wp\/v2\/product_tag?post=68434"}],"curies":[{"name":"wp","href":"https:\/\/api.w.org\/{rel}","templated":true}]}}