{"id":68450,"date":"2022-11-28T18:52:20","date_gmt":"2022-11-28T15:52:20","guid":{"rendered":"https:\/\/kingarms.ee\/product\/ready-2-play-set-20-lbs-klassinen-jousi\/"},"modified":"2024-08-07T17:39:07","modified_gmt":"2024-08-07T14:39:07","slug":"ready-2-play-set-20-lbs-classic-jousi","status":"publish","type":"product","link":"https:\/\/kingarms.ee\/fi\/product\/ready-2-play-set-20-lbs-classic-jousi\/","title":{"rendered":"Ready 2 Play Set 20 lbs klassinen jousi"},"content":{"rendered":"","protected":false},"excerpt":{"rendered":"<p>Ready 2 Play Set 20 lbs klassinen jousi<\/p>\n<p>Klassinen jousi, joka on tarkoitettu lasten jousiammunnan oppimiseen. Sen avulla voit tutustua jousiammunnan j\u00e4nnitt\u00e4v\u00e4\u00e4n maailmaan ja oppia ja kehitt\u00e4\u00e4 taitojasi. Sen vetovoima on v\u00e4hint\u00e4\u00e4n 9 kg (20 puntaa). Sen varret on valmistettu lasikuidusta, ja pylv\u00e4s on kest\u00e4v\u00e4\u00e4 muovia. T\u00e4llaisten materiaalien k\u00e4yt\u00f6n ansiosta jousi on eritt\u00e4in kevyt mutta kest\u00e4v\u00e4. Sen pituus on 123 cm.<\/p>\n","protected":false},"featured_media":67954,"template":"","meta":{"_acf_changed":false},"product_brand":[],"product_cat":[803],"product_tag":[],"class_list":{"0":"post-68450","1":"product","2":"type-product","3":"status-publish","4":"has-post-thumbnail","6":"product_cat-jouset","8":"first","9":"instock","10":"purchasable","11":"product-type-simple"},"acf":[],"_links":{"self":[{"href":"https:\/\/kingarms.ee\/fi\/wp-json\/wp\/v2\/product\/68450","targetHints":{"allow":["GET"]}}],"collection":[{"href":"https:\/\/kingarms.ee\/fi\/wp-json\/wp\/v2\/product"}],"about":[{"href":"https:\/\/kingarms.ee\/fi\/wp-json\/wp\/v2\/types\/product"}],"wp:featuredmedia":[{"embeddable":true,"href":"https:\/\/kingarms.ee\/fi\/wp-json\/wp\/v2\/media\/67954"}],"wp:attachment":[{"href":"https:\/\/kingarms.ee\/fi\/wp-json\/wp\/v2\/media?parent=68450"}],"wp:term":[{"taxonomy":"product_brand","embeddable":true,"href":"https:\/\/kingarms.ee\/fi\/wp-json\/wp\/v2\/product_brand?post=68450"},{"taxonomy":"product_cat","embeddable":true,"href":"https:\/\/kingarms.ee\/fi\/wp-json\/wp\/v2\/product_cat?post=68450"},{"taxonomy":"product_tag","embeddable":true,"href":"https:\/\/kingarms.ee\/fi\/wp-json\/wp\/v2\/product_tag?post=68450"}],"curies":[{"name":"wp","href":"https:\/\/api.w.org\/{rel}","templated":true}]}}