{"id":68457,"date":"2022-11-28T18:51:56","date_gmt":"2022-11-28T16:09:28","guid":{"rendered":"https:\/\/kingarms.ee\/product\/ladattava-akku-fenix\/"},"modified":"2024-08-07T19:06:18","modified_gmt":"2024-08-07T16:06:18","slug":"ladattava-akku-fenix","status":"publish","type":"product","link":"https:\/\/kingarms.ee\/fi\/product\/ladattava-akku-fenix\/","title":{"rendered":"Ladattava akku  [Fenix]"},"content":{"rendered":"","protected":false},"excerpt":{"rendered":"<p>Fenixin akkumalli, jonka osanumero on ARB-L18-3500, on yleisess\u00e4 18650-muodossa. N\u00e4m\u00e4 paristot sopivat useimpiin Fenixin suuritehoisiin taskulamppuihin sek\u00e4 muihin laitteisiin. Elektrolyyttityyppi on litiumioni. T\u00e4llaisille akuille on ominaista alhainen itsepurkautumisprosentti ja kyky toimia tehokkaasti laajalla l\u00e4mp\u00f6tila-alueella. Litiumioniakkujen kiistaton etu on my\u00f6s se, ett\u00e4 niill\u00e4 ei ole juuri lainkaan muistivaikutusta. Siksi ne voidaan ladata uudelleen odottamatta t\u00e4ydellist\u00e4 purkautumista. Ne on parempi s\u00e4ilytt\u00e4\u00e4 ladattuina, mutta ei t\u00e4ysin.<\/p>\n","protected":false},"featured_media":68349,"template":"","meta":{"_acf_changed":false},"product_brand":[],"product_cat":[655],"product_tag":[],"class_list":{"0":"post-68457","1":"product","2":"type-product","3":"status-publish","4":"has-post-thumbnail","6":"product_cat-paristot-fi","8":"first","9":"instock","10":"purchasable","11":"product-type-simple"},"acf":[],"_links":{"self":[{"href":"https:\/\/kingarms.ee\/fi\/wp-json\/wp\/v2\/product\/68457","targetHints":{"allow":["GET"]}}],"collection":[{"href":"https:\/\/kingarms.ee\/fi\/wp-json\/wp\/v2\/product"}],"about":[{"href":"https:\/\/kingarms.ee\/fi\/wp-json\/wp\/v2\/types\/product"}],"wp:featuredmedia":[{"embeddable":true,"href":"https:\/\/kingarms.ee\/fi\/wp-json\/wp\/v2\/media\/68349"}],"wp:attachment":[{"href":"https:\/\/kingarms.ee\/fi\/wp-json\/wp\/v2\/media?parent=68457"}],"wp:term":[{"taxonomy":"product_brand","embeddable":true,"href":"https:\/\/kingarms.ee\/fi\/wp-json\/wp\/v2\/product_brand?post=68457"},{"taxonomy":"product_cat","embeddable":true,"href":"https:\/\/kingarms.ee\/fi\/wp-json\/wp\/v2\/product_cat?post=68457"},{"taxonomy":"product_tag","embeddable":true,"href":"https:\/\/kingarms.ee\/fi\/wp-json\/wp\/v2\/product_tag?post=68457"}],"curies":[{"name":"wp","href":"https:\/\/api.w.org\/{rel}","templated":true}]}}