{"id":68463,"date":"2022-11-28T18:51:56","date_gmt":"2022-11-28T16:09:54","guid":{"rendered":"https:\/\/kingarms.ee\/product\/kiintea-polttoaine-12-x-14-g-firedragon\/"},"modified":"2024-08-07T19:07:01","modified_gmt":"2024-08-07T16:07:01","slug":"solid-fuel-12-x-14g-firedragon-2","status":"publish","type":"product","link":"https:\/\/kingarms.ee\/fi\/product\/solid-fuel-12-x-14g-firedragon-2\/","title":{"rendered":"Kiinte\u00e4 polttoaine 12 x 14 g  [Firedragon]"},"content":{"rendered":"","protected":false},"excerpt":{"rendered":"<p>Kiinte\u00e4 polttoaine 12 x 14 g [Firedragon]<\/p>\n<p>Solid Fuel -tabletit 12 x 14 g ovat eritt\u00e4in suorituskykyisi\u00e4. Ne toimivat moitteettomasti viikonloppuretkell\u00e4 tai telttaillessa. Heksametyleenitetramiiniksi kutsuttu vaikuttava aine on valkoisia kiteit\u00e4, jotka on puristettu suuremmiksi kuutioiksi. T\u00e4ss\u00e4 muodossa ne toimivat polttoainepatruunana erityisesti suunniteltuihin uuneihin.<\/p>\n","protected":false},"featured_media":68214,"template":"","meta":{"_acf_changed":false},"product_brand":[],"product_cat":[352],"product_tag":[],"class_list":{"0":"post-68463","1":"product","2":"type-product","3":"status-publish","4":"has-post-thumbnail","6":"product_cat-matkatavarat","8":"first","9":"instock","10":"purchasable","11":"product-type-simple"},"acf":[],"_links":{"self":[{"href":"https:\/\/kingarms.ee\/fi\/wp-json\/wp\/v2\/product\/68463","targetHints":{"allow":["GET"]}}],"collection":[{"href":"https:\/\/kingarms.ee\/fi\/wp-json\/wp\/v2\/product"}],"about":[{"href":"https:\/\/kingarms.ee\/fi\/wp-json\/wp\/v2\/types\/product"}],"wp:featuredmedia":[{"embeddable":true,"href":"https:\/\/kingarms.ee\/fi\/wp-json\/wp\/v2\/media\/68214"}],"wp:attachment":[{"href":"https:\/\/kingarms.ee\/fi\/wp-json\/wp\/v2\/media?parent=68463"}],"wp:term":[{"taxonomy":"product_brand","embeddable":true,"href":"https:\/\/kingarms.ee\/fi\/wp-json\/wp\/v2\/product_brand?post=68463"},{"taxonomy":"product_cat","embeddable":true,"href":"https:\/\/kingarms.ee\/fi\/wp-json\/wp\/v2\/product_cat?post=68463"},{"taxonomy":"product_tag","embeddable":true,"href":"https:\/\/kingarms.ee\/fi\/wp-json\/wp\/v2\/product_tag?post=68463"}],"curies":[{"name":"wp","href":"https:\/\/api.w.org\/{rel}","templated":true}]}}