{"id":68468,"date":"2022-11-28T18:51:56","date_gmt":"2022-11-28T16:09:56","guid":{"rendered":"https:\/\/kingarms.ee\/product\/kumi-metalliluodit-50-patruunaa-razorgun\/"},"modified":"2024-08-07T19:08:27","modified_gmt":"2024-08-07T16:08:27","slug":"kumi-metalli-luodit-50-kierrosta-raiskintapistoolista","status":"publish","type":"product","link":"https:\/\/kingarms.ee\/fi\/product\/kumi-metalli-luodit-50-kierrosta-raiskintapistoolista\/","title":{"rendered":"Kumi-metalliluodit \/ 50 patruunaa  [RazorGun]"},"content":{"rendered":"","protected":false},"excerpt":{"rendered":"<p>RazorGunin kumimetalliluodit RAM-revolveriin Umarex T4E HDR 50 ja HDP 50 cal. 50 ovat raskaita harjoitusammuksia RAM-merkkipistooleihin.<\/p>\n<p>RazorGunin kumi-metallipatruunat on suunniteltu vapaa-ajan ammuntaan, itsepuolustukseen, harjoitteluun ja taktiseen harjoitteluun RAM-merkkien kanssa.<\/p>\n<p>Luodit on valmistettu kovakumista, johon on lis\u00e4tty metallihiukkasia. T\u00e4llaisen rakenteen ansiosta luodit ovat kovempia ja massiivisempia, jolloin ne pystyv\u00e4t tehokkaammin siirt\u00e4m\u00e4\u00e4n energiaa kohteeseen ja tunkeutumaan paremmin.<\/p>\n","protected":false},"featured_media":68174,"template":"","meta":{"_acf_changed":false},"product_brand":[],"product_cat":[535],"product_tag":[],"class_list":{"0":"post-68468","1":"product","2":"type-product","3":"status-publish","4":"has-post-thumbnail","6":"product_cat-kumipallot","8":"first","9":"onbackorder","10":"product-type-simple"},"acf":[],"_links":{"self":[{"href":"https:\/\/kingarms.ee\/fi\/wp-json\/wp\/v2\/product\/68468","targetHints":{"allow":["GET"]}}],"collection":[{"href":"https:\/\/kingarms.ee\/fi\/wp-json\/wp\/v2\/product"}],"about":[{"href":"https:\/\/kingarms.ee\/fi\/wp-json\/wp\/v2\/types\/product"}],"wp:featuredmedia":[{"embeddable":true,"href":"https:\/\/kingarms.ee\/fi\/wp-json\/wp\/v2\/media\/68174"}],"wp:attachment":[{"href":"https:\/\/kingarms.ee\/fi\/wp-json\/wp\/v2\/media?parent=68468"}],"wp:term":[{"taxonomy":"product_brand","embeddable":true,"href":"https:\/\/kingarms.ee\/fi\/wp-json\/wp\/v2\/product_brand?post=68468"},{"taxonomy":"product_cat","embeddable":true,"href":"https:\/\/kingarms.ee\/fi\/wp-json\/wp\/v2\/product_cat?post=68468"},{"taxonomy":"product_tag","embeddable":true,"href":"https:\/\/kingarms.ee\/fi\/wp-json\/wp\/v2\/product_tag?post=68468"}],"curies":[{"name":"wp","href":"https:\/\/api.w.org\/{rel}","templated":true}]}}