{"id":68558,"date":"2022-11-28T19:52:22","date_gmt":"2022-11-28T16:52:49","guid":{"rendered":"https:\/\/kingarms.ee\/product\/dcs-g36-liivi-warrior\/"},"modified":"2024-08-07T17:36:53","modified_gmt":"2024-08-07T14:36:53","slug":"dcs-g36-vest-soturi","status":"publish","type":"product","link":"https:\/\/kingarms.ee\/fi\/product\/dcs-g36-vest-soturi\/","title":{"rendered":"DCS G36 liivi (Warrior)"},"content":{"rendered":"<p><img loading=\"lazy\" decoding=\"async\" class=\"alignnone size-full wp-image-68533\" src=\"https:\/\/kingarms.ee\/wp-content\/uploads\/2022\/11\/DCS-G36-CT.jpeg\" alt=\"\" width=\"1000\" height=\"1000\" srcset=\"https:\/\/kingarms.ee\/wp-content\/uploads\/2022\/11\/DCS-G36-CT.jpeg 1000w, https:\/\/kingarms.ee\/wp-content\/uploads\/2022\/11\/DCS-G36-CT-300x300.jpeg 300w, https:\/\/kingarms.ee\/wp-content\/uploads\/2022\/11\/DCS-G36-CT-150x150.jpeg 150w, https:\/\/kingarms.ee\/wp-content\/uploads\/2022\/11\/DCS-G36-CT-768x768.jpeg 768w, https:\/\/kingarms.ee\/wp-content\/uploads\/2022\/11\/DCS-G36-CT-500x500.jpeg 500w\" sizes=\"auto, (max-width: 1000px) 100vw, 1000px\" \/><\/p>\n","protected":false},"excerpt":{"rendered":"<p>DCS on kevyt, matalaprofiilinen j\u00e4rjestelm\u00e4, joka on kest\u00e4v\u00e4 mutta ergonomisesti suunniteltu tarjoamaan poikkeuksellista mukavuutta ja toimivuutta. Suunniteltu aktiivisella suoralla SF-sy\u00f6t\u00f6ll\u00e4. Operators DCS soveltuu sek\u00e4 erikoisjoukkojen vaatimuksiin ett\u00e4 PSD-operaatioihin.<\/p>\n<p>Olkap\u00e4\u00e4t ovat t\u00e4ysin s\u00e4\u00e4dett\u00e4viss\u00e4, ja niiden toisella puolella on h\u00e4t\u00e4avaus, joka vapauttaa vasemman olkap\u00e4\u00e4n ja antaa k\u00e4ytt\u00e4j\u00e4lle mahdollisuuden irrottaa varusteet kyp\u00e4r\u00e4\u00e4 riisumatta. DCS:n sivuttaiset osat ovat t\u00e4ysin s\u00e4\u00e4dett\u00e4viss\u00e4, ja ne voidaan s\u00e4\u00e4t\u00e4\u00e4 alle 15 sekunnissa. 3D-verkkovuorta k\u00e4ytet\u00e4\u00e4n mukavuuden takaamiseksi, ja se p\u00e4\u00e4st\u00e4\u00e4 kehon l\u00e4mm\u00f6n pois kehon pinnalta samalla kun se auttaa ilmavirtausta j\u00e4\u00e4hdytt\u00e4m\u00e4\u00e4n.<\/p>\n<p>DCS on kehitetty k\u00e4ytett\u00e4v\u00e4ksi Warrior PLB Belt, Frag Belt ja matalaprofiilinen Molle Belt (myyd\u00e4\u00e4n erikseen) -vy\u00f6n kanssa.<\/p>\n<p>DCS G36:n vakiovarusteena on 5 x avoin paperi 5,56 mm:n G36-lehti\u00e4 varten ja 2 x pieni apuv\u00e4line-\/l\u00e4\u00e4kint\u00e4pussi.<\/p>\n","protected":false},"featured_media":90153,"template":"","meta":{"_acf_changed":false},"product_brand":[],"product_cat":[265],"product_tag":[],"class_list":{"0":"post-68558","1":"product","2":"type-product","3":"status-publish","4":"has-post-thumbnail","6":"product_cat-takit-ja-valjaat","8":"first","9":"onbackorder","10":"taxable","11":"shipping-taxable","12":"product-type-simple"},"acf":[],"_links":{"self":[{"href":"https:\/\/kingarms.ee\/fi\/wp-json\/wp\/v2\/product\/68558","targetHints":{"allow":["GET"]}}],"collection":[{"href":"https:\/\/kingarms.ee\/fi\/wp-json\/wp\/v2\/product"}],"about":[{"href":"https:\/\/kingarms.ee\/fi\/wp-json\/wp\/v2\/types\/product"}],"wp:featuredmedia":[{"embeddable":true,"href":"https:\/\/kingarms.ee\/fi\/wp-json\/wp\/v2\/media\/90153"}],"wp:attachment":[{"href":"https:\/\/kingarms.ee\/fi\/wp-json\/wp\/v2\/media?parent=68558"}],"wp:term":[{"taxonomy":"product_brand","embeddable":true,"href":"https:\/\/kingarms.ee\/fi\/wp-json\/wp\/v2\/product_brand?post=68558"},{"taxonomy":"product_cat","embeddable":true,"href":"https:\/\/kingarms.ee\/fi\/wp-json\/wp\/v2\/product_cat?post=68558"},{"taxonomy":"product_tag","embeddable":true,"href":"https:\/\/kingarms.ee\/fi\/wp-json\/wp\/v2\/product_tag?post=68558"}],"curies":[{"name":"wp","href":"https:\/\/api.w.org\/{rel}","templated":true}]}}