{"id":69321,"date":"2022-12-19T16:59:31","date_gmt":"2022-12-19T16:52:31","guid":{"rendered":"https:\/\/kingarms.ee\/product\/kasien-desinfiointigeeli-50-ml\/"},"modified":"2024-08-07T17:20:05","modified_gmt":"2024-08-07T14:20:05","slug":"kasidesinfiointiaine-geeli-50-ml","status":"publish","type":"product","link":"https:\/\/kingarms.ee\/fi\/product\/kasidesinfiointiaine-geeli-50-ml\/","title":{"rendered":"K\u00e4sien desinfiointigeeli 50 ml"},"content":{"rendered":"","protected":false},"excerpt":{"rendered":"<p>K\u00e4sien desinfiointigeeli 50 ml<\/p>\n<p>k\u00e4sien ja ihon desinfiointi<br \/>\nvalmis ratkaisu<br \/>\nkoostuu eritt\u00e4in v\u00e4kev\u00e4st\u00e4, denaturoidusta etanolista.<\/p>\n","protected":false},"featured_media":69204,"template":"","meta":{"_acf_changed":false},"product_brand":[],"product_cat":[352],"product_tag":[],"class_list":{"0":"post-69321","1":"product","2":"type-product","3":"status-publish","4":"has-post-thumbnail","6":"product_cat-matkatavarat","8":"first","9":"instock","10":"purchasable","11":"product-type-simple"},"acf":[],"_links":{"self":[{"href":"https:\/\/kingarms.ee\/fi\/wp-json\/wp\/v2\/product\/69321","targetHints":{"allow":["GET"]}}],"collection":[{"href":"https:\/\/kingarms.ee\/fi\/wp-json\/wp\/v2\/product"}],"about":[{"href":"https:\/\/kingarms.ee\/fi\/wp-json\/wp\/v2\/types\/product"}],"wp:featuredmedia":[{"embeddable":true,"href":"https:\/\/kingarms.ee\/fi\/wp-json\/wp\/v2\/media\/69204"}],"wp:attachment":[{"href":"https:\/\/kingarms.ee\/fi\/wp-json\/wp\/v2\/media?parent=69321"}],"wp:term":[{"taxonomy":"product_brand","embeddable":true,"href":"https:\/\/kingarms.ee\/fi\/wp-json\/wp\/v2\/product_brand?post=69321"},{"taxonomy":"product_cat","embeddable":true,"href":"https:\/\/kingarms.ee\/fi\/wp-json\/wp\/v2\/product_cat?post=69321"},{"taxonomy":"product_tag","embeddable":true,"href":"https:\/\/kingarms.ee\/fi\/wp-json\/wp\/v2\/product_tag?post=69321"}],"curies":[{"name":"wp","href":"https:\/\/api.w.org\/{rel}","templated":true}]}}