{"id":69323,"date":"2022-12-19T16:59:31","date_gmt":"2022-12-19T16:52:31","guid":{"rendered":"https:\/\/kingarms.ee\/product\/karabin-kar98-double-bell\/"},"modified":"2024-08-07T17:20:46","modified_gmt":"2024-08-07T14:20:46","slug":"karabin-kar98-kaksoiskello","status":"publish","type":"product","link":"https:\/\/kingarms.ee\/fi\/product\/karabin-kar98-kaksoiskello\/","title":{"rendered":"Karabin Kar98  [Double Bell]"},"content":{"rendered":"","protected":false},"excerpt":{"rendered":"<p>Legendaarisen toisen maailmansodan rynn\u00e4kk\u00f6kiv\u00e4\u00e4rin kopio. T\u00e4m\u00e4 on t\u00e4m\u00e4n pistoolin paras markkinoilla oleva malli. Erinomainen v\u00e4ri, paino, koko, suorituskyky ja jopa sama toimintaperiaate. J\u00e4ljenn\u00f6s on valmistettu aidosta puusta (yksiosainen) t\u00e4ydellisess\u00e4 s\u00e4vyss\u00e4.<br \/>\nKaikki muut elementit on valmistettu metallista.<br \/>\nT\u00e4m\u00e4 takaa 100-prosenttisen tunteen, joka syntyy siit\u00e4, kun pit\u00e4\u00e4 k\u00e4dess\u00e4\u00e4n aitoa.<\/p>\n<p>Tuottaja yritti my\u00f6s sulkea pois sen, ett\u00e4 kuvamateriaali olisi my\u00f6s kuvattu. J\u00e4ljenn\u00f6s ampuu 6 mm:n hauleja, jotka asetetaan erityispatruunaan. Kuulakotelot, jotka on tuotu kammioon t\u00e4sm\u00e4lleen samalla tavalla kuin oikeassa versiossa.<br \/>\nLaukaisun ja seuraavan luodin lataamisen j\u00e4lkeen tyhj\u00e4 patruunapes\u00e4 aukeaa samalla tavalla kuin oikeassa ammunnassa.<\/p>\n","protected":false},"featured_media":69228,"template":"","meta":{"_acf_changed":false},"product_brand":[],"product_cat":[670],"product_tag":[],"class_list":{"0":"post-69323","1":"product","2":"type-product","3":"status-publish","4":"has-post-thumbnail","6":"product_cat-snaiperrelvad-fi","8":"first","9":"onbackorder","10":"product-type-simple"},"acf":[],"_links":{"self":[{"href":"https:\/\/kingarms.ee\/fi\/wp-json\/wp\/v2\/product\/69323","targetHints":{"allow":["GET"]}}],"collection":[{"href":"https:\/\/kingarms.ee\/fi\/wp-json\/wp\/v2\/product"}],"about":[{"href":"https:\/\/kingarms.ee\/fi\/wp-json\/wp\/v2\/types\/product"}],"wp:featuredmedia":[{"embeddable":true,"href":"https:\/\/kingarms.ee\/fi\/wp-json\/wp\/v2\/media\/69228"}],"wp:attachment":[{"href":"https:\/\/kingarms.ee\/fi\/wp-json\/wp\/v2\/media?parent=69323"}],"wp:term":[{"taxonomy":"product_brand","embeddable":true,"href":"https:\/\/kingarms.ee\/fi\/wp-json\/wp\/v2\/product_brand?post=69323"},{"taxonomy":"product_cat","embeddable":true,"href":"https:\/\/kingarms.ee\/fi\/wp-json\/wp\/v2\/product_cat?post=69323"},{"taxonomy":"product_tag","embeddable":true,"href":"https:\/\/kingarms.ee\/fi\/wp-json\/wp\/v2\/product_tag?post=69323"}],"curies":[{"name":"wp","href":"https:\/\/api.w.org\/{rel}","templated":true}]}}