{"id":69324,"date":"2022-12-19T16:59:31","date_gmt":"2022-12-19T16:52:31","guid":{"rendered":"https:\/\/kingarms.ee\/product\/7-paivan-ruokapaketti-liha-trek-n-eat\/"},"modified":"2024-08-07T17:21:29","modified_gmt":"2024-08-07T14:21:29","slug":"7-paivan-ruokapaketti-liha-trek-n-eat","status":"publish","type":"product","link":"https:\/\/kingarms.ee\/fi\/product\/7-paivan-ruokapaketti-liha-trek-n-eat\/","title":{"rendered":"7 p\u00e4iv\u00e4n ruokapaketti, LIHA  [Trek &#8216;n Eat]"},"content":{"rendered":"","protected":false},"excerpt":{"rendered":"<p>7 p\u00e4iv\u00e4n ruokapaketti, LIHA [Trek &#8216;n Eat]<\/p>\n<p>ateriapaketti 1 hengelle 7 p\u00e4iv\u00e4ksi<br \/>\nN\u00e4iden elintarvikkeiden valmistaminen edellytt\u00e4\u00e4<br \/>\n4,36 l juomavett\u00e4<br \/>\nvedenpit\u00e4v\u00e4, uudelleen suljettava kuljetuslaatikko<br \/>\n3 x &#8220;sveitsil\u00e4inen&#8221; t\u00e4ysmaitomysli 150 g<br \/>\n2 x t\u00e4ysjyv\u00e4inen hedelm\u00e4mysli 150 g<br \/>\n1 x mets\u00e4sieniragua nuudeleilla 160 g<br \/>\n1 x pasta kasvisbolognese 180g<br \/>\n1 x chana masala &#8211; kikhernecurry riisin kanssa 180 g<br \/>\n1 x perunamuhennos paistettujen sipulien kera 150 g<br \/>\n1 x mausteinen naudanlihapata nuudeleilla 160 g<br \/>\n1 x kermainen pasta kanan kanssa ja pinaatti 150 g<br \/>\n1 x lohta ja pestoa sis\u00e4lt\u00e4v\u00e4 pasta 160 g<br \/>\n1 x h\u00e4t\u00e4annos, NRG-5, 500 g, (9 patukkaa).<br \/>\n1 x h\u00e4t\u00e4annos, NRG-5, ZERO, 500 g, (9 patukkaa).<\/p>\n<p>energiaa p\u00e4iv\u00e4ss\u00e4 kcal:na: 1991<br \/>\nSis\u00e4lt\u00f6: 2890 g<\/p>\n","protected":false},"featured_media":69168,"template":"","meta":{"_acf_changed":false},"product_brand":[],"product_cat":[363],"product_tag":[],"class_list":{"0":"post-69324","1":"product","2":"type-product","3":"status-publish","4":"has-post-thumbnail","6":"product_cat-taktinen-ruokapaketti","8":"first","9":"instock","10":"sale","11":"purchasable","12":"product-type-simple"},"acf":[],"_links":{"self":[{"href":"https:\/\/kingarms.ee\/fi\/wp-json\/wp\/v2\/product\/69324","targetHints":{"allow":["GET"]}}],"collection":[{"href":"https:\/\/kingarms.ee\/fi\/wp-json\/wp\/v2\/product"}],"about":[{"href":"https:\/\/kingarms.ee\/fi\/wp-json\/wp\/v2\/types\/product"}],"wp:featuredmedia":[{"embeddable":true,"href":"https:\/\/kingarms.ee\/fi\/wp-json\/wp\/v2\/media\/69168"}],"wp:attachment":[{"href":"https:\/\/kingarms.ee\/fi\/wp-json\/wp\/v2\/media?parent=69324"}],"wp:term":[{"taxonomy":"product_brand","embeddable":true,"href":"https:\/\/kingarms.ee\/fi\/wp-json\/wp\/v2\/product_brand?post=69324"},{"taxonomy":"product_cat","embeddable":true,"href":"https:\/\/kingarms.ee\/fi\/wp-json\/wp\/v2\/product_cat?post=69324"},{"taxonomy":"product_tag","embeddable":true,"href":"https:\/\/kingarms.ee\/fi\/wp-json\/wp\/v2\/product_tag?post=69324"}],"curies":[{"name":"wp","href":"https:\/\/api.w.org\/{rel}","templated":true}]}}