{"id":69348,"date":"2022-12-19T16:59:52","date_gmt":"2022-12-19T16:52:40","guid":{"rendered":"https:\/\/kingarms.ee\/product\/kiinnitysjarjestelma-mich-ach-kyparia-varten-emersongear\/"},"modified":"2024-09-28T17:39:14","modified_gmt":"2024-09-28T14:39:14","slug":"retention-system-for-mich-ach-helmets-emersongear-2","status":"publish","type":"product","link":"https:\/\/kingarms.ee\/fi\/product\/retention-system-for-mich-ach-helmets-emersongear-2\/","title":{"rendered":"Kiinnitysj\u00e4rjestelm\u00e4 mich ach kyp\u00e4ri\u00e4 varten Emersongear"},"content":{"rendered":"","protected":false},"excerpt":{"rendered":"<p>Kiinnitysj\u00e4rjestelm\u00e4 mich ach kyp\u00e4ri\u00e4 varten Emersongear<\/p>\n<p>pid\u00e4tysj\u00e4rjestelm\u00e4<br \/>\nsopii mich\/ach-kyp\u00e4riin<br \/>\ns\u00e4\u00e4dett\u00e4v\u00e4<br \/>\nkiinnitysruuvit mukana<\/p>\n","protected":false},"featured_media":68924,"template":"","meta":{"_acf_changed":false},"product_brand":[],"product_cat":[637],"product_tag":[],"class_list":{"0":"post-69348","1":"product","2":"type-product","3":"status-publish","4":"has-post-thumbnail","6":"product_cat-airsoft-fi-2","8":"first","9":"instock","10":"purchasable","11":"product-type-simple"},"acf":[],"_links":{"self":[{"href":"https:\/\/kingarms.ee\/fi\/wp-json\/wp\/v2\/product\/69348","targetHints":{"allow":["GET"]}}],"collection":[{"href":"https:\/\/kingarms.ee\/fi\/wp-json\/wp\/v2\/product"}],"about":[{"href":"https:\/\/kingarms.ee\/fi\/wp-json\/wp\/v2\/types\/product"}],"wp:featuredmedia":[{"embeddable":true,"href":"https:\/\/kingarms.ee\/fi\/wp-json\/wp\/v2\/media\/68924"}],"wp:attachment":[{"href":"https:\/\/kingarms.ee\/fi\/wp-json\/wp\/v2\/media?parent=69348"}],"wp:term":[{"taxonomy":"product_brand","embeddable":true,"href":"https:\/\/kingarms.ee\/fi\/wp-json\/wp\/v2\/product_brand?post=69348"},{"taxonomy":"product_cat","embeddable":true,"href":"https:\/\/kingarms.ee\/fi\/wp-json\/wp\/v2\/product_cat?post=69348"},{"taxonomy":"product_tag","embeddable":true,"href":"https:\/\/kingarms.ee\/fi\/wp-json\/wp\/v2\/product_tag?post=69348"}],"curies":[{"name":"wp","href":"https:\/\/api.w.org\/{rel}","templated":true}]}}